{"id":13616,"date":"2018-08-20T15:09:17","date_gmt":"2018-08-20T15:09:17","guid":{"rendered":"https:\/\/www.elza-institute.com\/?page_id=13616"},"modified":"2025-06-16T10:28:10","modified_gmt":"2025-06-16T10:28:10","slug":"andrea-olenik-memmel","status":"publish","type":"page","link":"https:\/\/www.elza-institute.com\/pt\/sobre\/andrea-olenik-memmel\/","title":{"rendered":"Dr.\u00aa Andrea Ole\u00f1ik Memmel"},"content":{"rendered":"<div data-elementor-type=\"wp-page\" data-elementor-id=\"13616\" class=\"elementor elementor-13616\" data-elementor-post-type=\"page\">\n\t\t\t\t<div class=\"elementor-element elementor-element-38fc26a e-con-full e-flex e-con e-parent\" data-id=\"38fc26a\" data-element_type=\"container\" data-e-type=\"container\">\n\t\t\t\t<div class=\"elementor-element elementor-element-cf55a8b elementor-widget elementor-widget-template\" data-id=\"cf55a8b\" data-element_type=\"widget\" data-e-type=\"widget\" data-widget_type=\"template.default\">\n\t\t\t\t<div class=\"elementor-widget-container\">\n\t\t\t\t\t\t\t<div class=\"elementor-template\">\n\t\t\t\t\t<div data-elementor-type=\"container\" data-elementor-id=\"45389\" class=\"elementor elementor-45389\" data-elementor-post-type=\"elementor_library\">\n\t\t\t\t<div class=\"elementor-element elementor-element-6c2271cf e-flex e-con-boxed e-con e-parent\" data-id=\"6c2271cf\" data-element_type=\"container\" data-e-type=\"container\" data-settings=\"{&quot;background_background&quot;:&quot;classic&quot;}\">\n\t\t\t\t\t<div class=\"e-con-inner\">\n\t\t<div class=\"elementor-element elementor-element-15aa9e28 e-con-full e-flex e-con e-child\" data-id=\"15aa9e28\" data-element_type=\"container\" data-e-type=\"container\">\n\t\t\t\t<div class=\"elementor-element elementor-element-1928d52c elementor-icon-list--layout-inline elementor-list-item-link-inline elementor-align-start elementor-widget__width-inherit elementor-invisible elementor-widget elementor-widget-icon-list\" data-id=\"1928d52c\" data-element_type=\"widget\" data-e-type=\"widget\" data-settings=\"{&quot;_animation&quot;:&quot;fadeInUp&quot;}\" data-widget_type=\"icon-list.default\">\n\t\t\t\t<div class=\"elementor-widget-container\">\n\t\t\t\t\t\t\t<ul class=\"elementor-icon-list-items elementor-inline-items\">\n\t\t\t\t\t\t\t<li class=\"elementor-icon-list-item elementor-inline-item\">\n\t\t\t\t\t\t\t\t\t\t\t<a href=\"https:\/\/www.elza-institute.com\/pt\/\">\n\n\t\t\t\t\t\t\t\t\t\t\t<span class=\"elementor-icon-list-text\">In\u00edcio<\/span>\n\t\t\t\t\t\t\t\t\t\t\t<\/a>\n\t\t\t\t\t\t\t\t\t<\/li>\n\t\t\t\t\t\t\t\t<li class=\"elementor-icon-list-item elementor-inline-item\">\n\t\t\t\t\t\t\t\t\t\t<span class=\"elementor-icon-list-text\">\"<\/span>\n\t\t\t\t\t\t\t\t\t<\/li>\n\t\t\t\t\t\t\t\t<li class=\"elementor-icon-list-item elementor-inline-item\">\n\t\t\t\t\t\t\t\t\t\t\t<a href=\"https:\/\/www.elza-institute.com\/pt\/sobre\/\">\n\n\t\t\t\t\t\t\t\t\t\t\t<span class=\"elementor-icon-list-text\">Sobre<\/span>\n\t\t\t\t\t\t\t\t\t\t\t<\/a>\n\t\t\t\t\t\t\t\t\t<\/li>\n\t\t\t\t\t\t\t\t<li class=\"elementor-icon-list-item elementor-inline-item\">\n\t\t\t\t\t\t\t\t\t\t<span class=\"elementor-icon-list-text\">\"<\/span>\n\t\t\t\t\t\t\t\t\t<\/li>\n\t\t\t\t\t\t\t\t<li class=\"elementor-icon-list-item elementor-inline-item\">\n\t\t\t\t\t\t\t\t\t\t<span class=\"elementor-icon-list-text\">Dr.\u00aa Andrea Ole\u00f1ik Memmel<\/span>\n\t\t\t\t\t\t\t\t\t<\/li>\n\t\t\t\t\t\t<\/ul>\n\t\t\t\t\t\t<\/div>\n\t\t\t\t<\/div>\n\t\t\t\t<div class=\"elementor-element elementor-element-39056a2d elementor-widget__width-inherit elementor-widget elementor-widget-heading\" data-id=\"39056a2d\" data-element_type=\"widget\" data-e-type=\"widget\" data-widget_type=\"heading.default\">\n\t\t\t\t<div class=\"elementor-widget-container\">\n\t\t\t\t\t<h1 class=\"elementor-heading-title elementor-size-default\">Dr.\u00aa Andrea Ole\u00f1ik Memmel<\/h1>\t\t\t\t<\/div>\n\t\t\t\t<\/div>\n\t\t\t\t<div class=\"elementor-element elementor-element-149d137 elementor-widget__width-initial elementor-widget elementor-widget-text-editor\" data-id=\"149d137\" data-element_type=\"widget\" data-e-type=\"widget\" data-widget_type=\"text-editor.default\">\n\t\t\t\t<div class=\"elementor-widget-container\">\n\t\t\t\t\t\t\t\t\tA Dra. Olenik completou a sua extensa forma\u00e7\u00e3o m\u00e9dica tanto no Paraguai como em Espanha, especificamente em Madrid e Barcelona. Obteve o seu doutoramento na Universidade Aut\u00f3noma de Madrid\t\t\t\t\t\t\t\t<\/div>\n\t\t\t\t<\/div>\n\t\t\t\t<div class=\"elementor-element elementor-element-3788f91c elementor-mobile-align-justify btn  elementor-hidden-mobile elementor-widget elementor-widget-button\" data-id=\"3788f91c\" data-element_type=\"widget\" data-e-type=\"widget\" data-widget_type=\"button.default\">\n\t\t\t\t<div class=\"elementor-widget-container\">\n\t\t\t\t\t\t\t\t\t<div class=\"elementor-button-wrapper\">\n\t\t\t\t\t<a class=\"elementor-button elementor-button-link elementor-size-lg\" href=\"https:\/\/www.onedoc.ch\/de\/gruppenpraxis\/dietikon\/exjy\/elza-institute\" target=\"_blank\" rel=\"nofollow\" id=\"btn\">\n\t\t\t\t\t\t<span class=\"elementor-button-content-wrapper\">\n\t\t\t\t\t\t\t\t\t<span class=\"elementor-button-text\">Pacientes su\u00ed\u00e7os: marcar uma consulta<\/span>\n\t\t\t\t\t<\/span>\n\t\t\t\t\t<\/a>\n\t\t\t\t<\/div>\n\t\t\t\t\t\t\t\t<\/div>\n\t\t\t\t<\/div>\n\t\t\t\t<div class=\"elementor-element elementor-element-9bf486a elementor-mobile-align-justify btn  elementor-widget__width-auto elementor-widget elementor-widget-button\" data-id=\"9bf486a\" data-element_type=\"widget\" data-e-type=\"widget\" data-widget_type=\"button.default\">\n\t\t\t\t<div class=\"elementor-widget-container\">\n\t\t\t\t\t\t\t\t\t<div class=\"elementor-button-wrapper\">\n\t\t\t\t\t<a class=\"elementor-button elementor-button-link elementor-size-md\" href=\"https:\/\/www.elza-institute.com\/pt\/international-patients\/\" target=\"_blank\" rel=\"nofollow\" id=\"btn\">\n\t\t\t\t\t\t<span class=\"elementor-button-content-wrapper\">\n\t\t\t\t\t\t\t\t\t<span class=\"elementor-button-text\">Doentes internacionais: entre em contacto connosco<\/span>\n\t\t\t\t\t<\/span>\n\t\t\t\t\t<\/a>\n\t\t\t\t<\/div>\n\t\t\t\t\t\t\t\t<\/div>\n\t\t\t\t<\/div>\n\t\t\t\t<\/div>\n\t\t<div class=\"elementor-element elementor-element-503385d9 elementor-hidden-mobile e-con-full e-flex e-con e-child\" data-id=\"503385d9\" data-element_type=\"container\" data-e-type=\"container\">\n\t\t\t\t<\/div>\n\t\t\t\t\t<\/div>\n\t\t\t\t<\/div>\n\t\t\t\t<\/div>\n\t\t\t\t<\/div>\n\t\t\t\t\t\t<\/div>\n\t\t\t\t<\/div>\n\t\t\t\t<\/div>\n\t\t<div class=\"elementor-element elementor-element-1ecb7aa e-flex e-con-boxed e-con e-parent\" data-id=\"1ecb7aa\" data-element_type=\"container\" data-e-type=\"container\">\n\t\t\t\t\t<div class=\"e-con-inner\">\n\t\t<div class=\"elementor-element elementor-element-fead426 e-con-full e-flex e-con e-child\" data-id=\"fead426\" data-element_type=\"container\" data-e-type=\"container\">\n\t\t\t\t<div class=\"elementor-element elementor-element-f4ec022 elementor-widget elementor-widget-text-editor\" data-id=\"f4ec022\" data-element_type=\"widget\" data-e-type=\"widget\" data-widget_type=\"text-editor.default\">\n\t\t\t\t<div class=\"elementor-widget-container\">\n\t\t\t\t\t\t\t\t\t<p>A Dra. Olenik completou a sua extensa forma\u00e7\u00e3o m\u00e9dica tanto no Paraguai como em Espanha, especificamente em Madrid e Barcelona. Obteve o seu doutoramento na Universidade Aut\u00f3noma de Madrid, onde foi distinguida com a prestigiada distin\u00e7\u00e3o \"cum laude\", um testemunho das suas excepcionais capacidades de investiga\u00e7\u00e3o. Al\u00e9m disso, a Dra. Olenik foi reconhecida com v\u00e1rios pr\u00e9mios pelas suas contribui\u00e7\u00f5es significativas para a investiga\u00e7\u00e3o m\u00e9dica.<\/p><h2>Investiga\u00e7\u00e3o e publica\u00e7\u00f5es<\/h2><ul><li>Investiga\u00e7\u00e3o sobre os resultados a longo prazo do descolamento prim\u00e1rio da retina regmatog\u00e9nico com fivela escleral.<\/li><li>Diagn\u00f3stico de sarcoidose ocular com humor aquoso e citometria de fluxo.<\/li><li>Diagn\u00f3stico precoce da toxicidade macular secund\u00e1ria \u00e0 hidroxicloroquina.<\/li><li>Estudo da t\u00e9cnica do retalho invertido em buracos maculares de pacientes com alta miopia.<\/li><li>Mais de 20 publica\u00e7\u00f5es internacionais em revistas de impacto.<\/li><li>Membro do Comit\u00e9 Editorial de 8 revistas internacionais de oftalmologia.<\/li><\/ul>\t\t\t\t\t\t\t\t<\/div>\n\t\t\t\t<\/div>\n\t\t\t\t<\/div>\n\t\t<div class=\"elementor-element elementor-element-0ff0ca0 e-con-full e-flex e-con e-child\" data-id=\"0ff0ca0\" data-element_type=\"container\" data-e-type=\"container\">\n\t\t\t\t<div class=\"elementor-element elementor-element-e38efcc elementor-widget elementor-widget-text-editor\" data-id=\"e38efcc\" data-element_type=\"widget\" data-e-type=\"widget\" data-widget_type=\"text-editor.default\">\n\t\t\t\t<div class=\"elementor-widget-container\">\n\t\t\t\t\t\t\t\t\t<h2>Educa\u00e7\u00e3o<\/h2><ul><li>Doutor em Medicina e Cirurgia pela Universidade Aut\u00f3noma de Madrid (PhD).<\/li><li>Mestre em Retina e V\u00edtreo pelo Instituto de Microcirurgia Ocular (IMO) da Universidade Aut\u00f3noma de Barcelona.<\/li><li>MBA em Telemedicina, Gest\u00e3o Cl\u00ednica, Gest\u00e3o M\u00e9dica e de Cuidados pela Universidade CEU (Espanha).<\/li><li style=\"font-size: 17px;\">Observador no Charles Retina Institute em Memphis, EUA, um centro de refer\u00eancia para as doen\u00e7as do v\u00edtreo e da retina.<\/li><li>Premiado como o melhor licenciado em Medicina pela Universidade Nacional de Itap\u00faa, Paraguai (MD).<\/li><\/ul>\t\t\t\t\t\t\t\t<\/div>\n\t\t\t\t<\/div>\n\t\t\t\t<div class=\"elementor-element elementor-element-e70b6f4 elementor-widget elementor-widget-text-editor\" data-id=\"e70b6f4\" data-element_type=\"widget\" data-e-type=\"widget\" data-widget_type=\"text-editor.default\">\n\t\t\t\t<div class=\"elementor-widget-container\">\n\t\t\t\t\t\t\t\t\t<p>O Dr. Memmel fala alem\u00e3o, espanhol, portugu\u00eas e ingl\u00eas<\/p>\t\t\t\t\t\t\t\t<\/div>\n\t\t\t\t<\/div>\n\t\t\t\t<\/div>\n\t\t\t\t\t<\/div>\n\t\t\t\t<\/div>\n\t\t<div class=\"elementor-element elementor-element-83bb061 e-con-full e-flex e-con e-parent\" data-id=\"83bb061\" data-element_type=\"container\" data-e-type=\"container\">\n\t\t\t\t<div class=\"elementor-element elementor-element-0b03b94 elementor-widget elementor-widget-template\" data-id=\"0b03b94\" data-element_type=\"widget\" data-e-type=\"widget\" data-widget_type=\"template.default\">\n\t\t\t\t<div class=\"elementor-widget-container\">\n\t\t\t\t\t\t\t<div class=\"elementor-template\">\n\t\t\t\t\t<div data-elementor-type=\"container\" data-elementor-id=\"49901\" class=\"elementor elementor-49901\" data-elementor-post-type=\"elementor_library\">\n\t\t\t\t<div class=\"elementor-element elementor-element-375389a2 e-flex e-con-boxed e-con e-parent\" data-id=\"375389a2\" data-element_type=\"container\" data-e-type=\"container\">\n\t\t\t\t\t<div class=\"e-con-inner\">\n\t\t<div class=\"elementor-element elementor-element-76001458 e-con-full e-flex e-con e-child\" data-id=\"76001458\" data-element_type=\"container\" data-e-type=\"container\" data-settings=\"{&quot;background_background&quot;:&quot;classic&quot;}\">\n\t\t\t\t<div class=\"elementor-element elementor-element-5384196b elementor-widget elementor-widget-shortcode\" data-id=\"5384196b\" data-element_type=\"widget\" data-e-type=\"widget\" data-widget_type=\"shortcode.default\">\n\t\t\t\t<div class=\"elementor-widget-container\">\n\t\t\t\t\t\t\t<div class=\"elementor-shortcode\"><div class=\"vasartes-prev-link\"><div class=\"vasartes-label\"><img decoding=\"async\" src=\"\/wp-content\/uploads\/2024\/03\/seta para tr\u00e1s.svg\" alt=\"Seta para tr\u00e1s\" class=\"vasartes-arrow\" \/>ANTERIOR<\/div><div class=\"vasartes-title\"><a href=\"https:\/\/www.elza-institute.com\/pt\/sobre\/carmen-rodriguez\/\">Dr. Carmen Rodriguez<\/a><\/div><\/div>\n<\/div>\n\t\t\t\t\t\t<\/div>\n\t\t\t\t<\/div>\n\t\t\t\t<\/div>\n\t\t<div class=\"elementor-element elementor-element-6e81a1d7 e-con-full e-flex e-con e-child\" data-id=\"6e81a1d7\" data-element_type=\"container\" data-e-type=\"container\" data-settings=\"{&quot;background_background&quot;:&quot;classic&quot;}\">\n\t\t\t\t<div class=\"elementor-element elementor-element-627bc68e elementor-widget elementor-widget-shortcode\" data-id=\"627bc68e\" data-element_type=\"widget\" data-e-type=\"widget\" data-widget_type=\"shortcode.default\">\n\t\t\t\t<div class=\"elementor-widget-container\">\n\t\t\t\t\t\t\t<div class=\"elementor-shortcode\"><div class=\"vasartes-next-link\"><div class=\"vasartes-label\">SEGUINTE <img decoding=\"async\" src=\"\/wp-content\/uploads\/2024\/03\/seta-advance.svg\" alt=\"Pr\u00f3xima seta\" class=\"vasartes-arrow\" \/><\/div><div class=\"vasartes-title\"><a href=\"https:\/\/www.elza-institute.com\/pt\/sobre\/dr-mark-hillen\/\">Dr. Mark Hillen<\/a><\/div><\/div>\n<\/div>\n\t\t\t\t\t\t<\/div>\n\t\t\t\t<\/div>\n\t\t\t\t<\/div>\n\t\t\t\t\t<\/div>\n\t\t\t\t<\/div>\n\t\t\t\t<\/div>\n\t\t\t\t<\/div>\n\t\t\t\t\t\t<\/div>\n\t\t\t\t<\/div>\n\t\t\t\t<\/div>\n\t\t\t\t<\/div>","protected":false},"excerpt":{"rendered":"<p>A Dra. Olenik completou a sua extensa forma\u00e7\u00e3o m\u00e9dica tanto no Paraguai como em Espanha, especificamente em Madrid e Barcelona. Obteve o seu doutoramento na Universidade Aut\u00f3noma de Madrid<\/p>","protected":false},"author":6,"featured_media":45798,"parent":13599,"menu_order":8,"comment_status":"closed","ping_status":"closed","template":"elementor_header_footer","meta":{"_acf_changed":false,"footnotes":""},"class_list":["post-13616","page","type-page","status-publish","has-post-thumbnail","hentry"],"acf":[],"yoast_head":"<!-- This site is optimized with the Yoast SEO plugin v27.2 - https:\/\/yoast.com\/product\/yoast-seo-wordpress\/ -->\n<title>Dr Andrea Ole\u00f1ik Memmel - The ELZA Institute , Dietikon, Zurich, Switzerland.<\/title>\n<meta name=\"description\" content=\"Dr. Andrea Ole\u00f1ik Memmel MD, PhD, MBA is ELZA&#039;s consultant vitreoretinal surgeon and is also a consultant cataract surgeon.\" \/>\n<meta name=\"robots\" content=\"index, follow, max-snippet:-1, max-image-preview:large, max-video-preview:-1\" \/>\n<link rel=\"canonical\" href=\"https:\/\/www.elza-institute.com\/pt\/sobre\/andrea-olenik-memmel\/\" \/>\n<meta property=\"og:locale\" content=\"pt_PT\" \/>\n<meta property=\"og:type\" content=\"article\" \/>\n<meta property=\"og:title\" content=\"Dr Andrea Ole\u00f1ik Memmel - The ELZA Institute , Dietikon, Zurich, Switzerland.\" \/>\n<meta property=\"og:description\" content=\"Dr. Andrea Ole\u00f1ik Memmel MD, PhD, MBA is ELZA&#039;s consultant vitreoretinal surgeon and is also a consultant cataract surgeon.\" \/>\n<meta property=\"og:url\" content=\"https:\/\/www.elza-institute.com\/pt\/sobre\/andrea-olenik-memmel\/\" \/>\n<meta property=\"og:site_name\" content=\"The ELZA Institute\" \/>\n<meta property=\"article:publisher\" content=\"https:\/\/www.facebook.com\/ELZA.Institute\/\" \/>\n<meta property=\"article:modified_time\" content=\"2025-06-16T10:28:10+00:00\" \/>\n<meta property=\"og:image\" content=\"https:\/\/www.elza-institute.com\/wp-content\/uploads\/2024\/08\/Andrea-olejnik-memmel-colour.webp\" \/>\n\t<meta property=\"og:image:width\" content=\"397\" \/>\n\t<meta property=\"og:image:height\" content=\"335\" \/>\n\t<meta property=\"og:image:type\" content=\"image\/webp\" \/>\n<script type=\"application\/ld+json\" class=\"yoast-schema-graph\">{\"@context\":\"https:\/\/schema.org\",\"@graph\":[{\"@type\":\"WebPage\",\"@id\":\"https:\/\/www.elza-institute.com\/about-elza-2\/andrea-olenik-memmel\/\",\"url\":\"https:\/\/www.elza-institute.com\/about-elza-2\/andrea-olenik-memmel\/\",\"name\":\"Dr Andrea Ole\u00f1ik Memmel - The ELZA Institute , Dietikon, Zurich, Switzerland.\",\"isPartOf\":{\"@id\":\"https:\/\/www.elza-institute.com\/#website\"},\"primaryImageOfPage\":{\"@id\":\"https:\/\/www.elza-institute.com\/about-elza-2\/andrea-olenik-memmel\/#primaryimage\"},\"image\":{\"@id\":\"https:\/\/www.elza-institute.com\/about-elza-2\/andrea-olenik-memmel\/#primaryimage\"},\"thumbnailUrl\":\"https:\/\/www.elza-institute.com\/wp-content\/uploads\/2024\/08\/Andrea-olejnik-memmel-colour.webp\",\"datePublished\":\"2018-08-20T15:09:17+00:00\",\"dateModified\":\"2025-06-16T10:28:10+00:00\",\"description\":\"Dr. Andrea Ole\u00f1ik Memmel MD, PhD, MBA is ELZA's consultant vitreoretinal surgeon and is also a consultant cataract surgeon.\",\"breadcrumb\":{\"@id\":\"https:\/\/www.elza-institute.com\/about-elza-2\/andrea-olenik-memmel\/#breadcrumb\"},\"inLanguage\":\"pt-PT\",\"potentialAction\":[{\"@type\":\"ReadAction\",\"target\":[\"https:\/\/www.elza-institute.com\/about-elza-2\/andrea-olenik-memmel\/\"]}]},{\"@type\":\"ImageObject\",\"inLanguage\":\"pt-PT\",\"@id\":\"https:\/\/www.elza-institute.com\/about-elza-2\/andrea-olenik-memmel\/#primaryimage\",\"url\":\"https:\/\/www.elza-institute.com\/wp-content\/uploads\/2024\/08\/Andrea-olejnik-memmel-colour.webp\",\"contentUrl\":\"https:\/\/www.elza-institute.com\/wp-content\/uploads\/2024\/08\/Andrea-olejnik-memmel-colour.webp\",\"width\":397,\"height\":335},{\"@type\":\"BreadcrumbList\",\"@id\":\"https:\/\/www.elza-institute.com\/about-elza-2\/andrea-olenik-memmel\/#breadcrumb\",\"itemListElement\":[{\"@type\":\"ListItem\",\"position\":1,\"name\":\"Home\",\"item\":\"https:\/\/www.elza-institute.com\/\"},{\"@type\":\"ListItem\",\"position\":2,\"name\":\"About ELZA\",\"item\":\"https:\/\/www.elza-institute.com\/about-elza-2\/\"},{\"@type\":\"ListItem\",\"position\":3,\"name\":\"Dr Andrea Ole\u00f1ik Memmel\"}]},{\"@type\":\"WebSite\",\"@id\":\"https:\/\/www.elza-institute.com\/#website\",\"url\":\"https:\/\/www.elza-institute.com\/\",\"name\":\"The ELZA Institute\",\"description\":\"Swiss EyeCare at its finest\",\"publisher\":{\"@id\":\"https:\/\/www.elza-institute.com\/#organization\"},\"potentialAction\":[{\"@type\":\"SearchAction\",\"target\":{\"@type\":\"EntryPoint\",\"urlTemplate\":\"https:\/\/www.elza-institute.com\/?s={search_term_string}\"},\"query-input\":{\"@type\":\"PropertyValueSpecification\",\"valueRequired\":true,\"valueName\":\"search_term_string\"}}],\"inLanguage\":\"pt-PT\"},{\"@type\":\"Organization\",\"@id\":\"https:\/\/www.elza-institute.com\/#organization\",\"name\":\"The ELZA Institute\",\"url\":\"https:\/\/www.elza-institute.com\/\",\"logo\":{\"@type\":\"ImageObject\",\"inLanguage\":\"pt-PT\",\"@id\":\"https:\/\/www.elza-institute.com\/#\/schema\/logo\/image\/\",\"url\":\"https:\/\/www.elza-institute.com\/wp-content\/uploads\/2016\/04\/ELZA-logo-V4.jpg\",\"contentUrl\":\"https:\/\/www.elza-institute.com\/wp-content\/uploads\/2016\/04\/ELZA-logo-V4.jpg\",\"width\":1181,\"height\":453,\"caption\":\"The ELZA Institute\"},\"image\":{\"@id\":\"https:\/\/www.elza-institute.com\/#\/schema\/logo\/image\/\"},\"sameAs\":[\"https:\/\/www.facebook.com\/ELZA.Institute\/\",\"https:\/\/x.com\/ELZA_Institute\",\"https:\/\/www.linkedin.com\/company\/elza-institute?trk=top_nav_home\"]}]}<\/script>\n<!-- \/ Yoast SEO plugin. -->","yoast_head_json":{"title":"Dra. Andrea Ole\u00f1ik Memmel - Instituto ELZA, Dietikon, Zurique, Su\u00ed\u00e7a.","description":"A Dra. Andrea Ole\u00f1ik Memmel MD, PhD, MBA \u00e9 a cirurgi\u00e3 vitreorretiniana consultora do ELZA e \u00e9 tamb\u00e9m cirurgi\u00e3 consultora de cataratas.","robots":{"index":"index","follow":"follow","max-snippet":"max-snippet:-1","max-image-preview":"max-image-preview:large","max-video-preview":"max-video-preview:-1"},"canonical":"https:\/\/www.elza-institute.com\/pt\/sobre\/andrea-olenik-memmel\/","og_locale":"pt_PT","og_type":"article","og_title":"Dr Andrea Ole\u00f1ik Memmel - The ELZA Institute , Dietikon, Zurich, Switzerland.","og_description":"Dr. Andrea Ole\u00f1ik Memmel MD, PhD, MBA is ELZA's consultant vitreoretinal surgeon and is also a consultant cataract surgeon.","og_url":"https:\/\/www.elza-institute.com\/pt\/sobre\/andrea-olenik-memmel\/","og_site_name":"The ELZA Institute","article_publisher":"https:\/\/www.facebook.com\/ELZA.Institute\/","article_modified_time":"2025-06-16T10:28:10+00:00","og_image":[{"width":397,"height":335,"url":"https:\/\/www.elza-institute.com\/wp-content\/uploads\/2024\/08\/Andrea-olejnik-memmel-colour.webp","type":"image\/webp"}],"schema":{"@context":"https:\/\/schema.org","@graph":[{"@type":"WebPage","@id":"https:\/\/www.elza-institute.com\/about-elza-2\/andrea-olenik-memmel\/","url":"https:\/\/www.elza-institute.com\/about-elza-2\/andrea-olenik-memmel\/","name":"Dra. Andrea Ole\u00f1ik Memmel - Instituto ELZA, Dietikon, Zurique, Su\u00ed\u00e7a.","isPartOf":{"@id":"https:\/\/www.elza-institute.com\/#website"},"primaryImageOfPage":{"@id":"https:\/\/www.elza-institute.com\/about-elza-2\/andrea-olenik-memmel\/#primaryimage"},"image":{"@id":"https:\/\/www.elza-institute.com\/about-elza-2\/andrea-olenik-memmel\/#primaryimage"},"thumbnailUrl":"https:\/\/www.elza-institute.com\/wp-content\/uploads\/2024\/08\/Andrea-olejnik-memmel-colour.webp","datePublished":"2018-08-20T15:09:17+00:00","dateModified":"2025-06-16T10:28:10+00:00","description":"A Dra. Andrea Ole\u00f1ik Memmel MD, PhD, MBA \u00e9 a cirurgi\u00e3 vitreorretiniana consultora do ELZA e \u00e9 tamb\u00e9m cirurgi\u00e3 consultora de cataratas.","breadcrumb":{"@id":"https:\/\/www.elza-institute.com\/about-elza-2\/andrea-olenik-memmel\/#breadcrumb"},"inLanguage":"pt-PT","potentialAction":[{"@type":"ReadAction","target":["https:\/\/www.elza-institute.com\/about-elza-2\/andrea-olenik-memmel\/"]}]},{"@type":"ImageObject","inLanguage":"pt-PT","@id":"https:\/\/www.elza-institute.com\/about-elza-2\/andrea-olenik-memmel\/#primaryimage","url":"https:\/\/www.elza-institute.com\/wp-content\/uploads\/2024\/08\/Andrea-olejnik-memmel-colour.webp","contentUrl":"https:\/\/www.elza-institute.com\/wp-content\/uploads\/2024\/08\/Andrea-olejnik-memmel-colour.webp","width":397,"height":335},{"@type":"BreadcrumbList","@id":"https:\/\/www.elza-institute.com\/about-elza-2\/andrea-olenik-memmel\/#breadcrumb","itemListElement":[{"@type":"ListItem","position":1,"name":"Home","item":"https:\/\/www.elza-institute.com\/"},{"@type":"ListItem","position":2,"name":"About ELZA","item":"https:\/\/www.elza-institute.com\/about-elza-2\/"},{"@type":"ListItem","position":3,"name":"Dr Andrea Ole\u00f1ik Memmel"}]},{"@type":"WebSite","@id":"https:\/\/www.elza-institute.com\/#website","url":"https:\/\/www.elza-institute.com\/","name":"O Instituto ELZA","description":"Swiss EyeCare no seu melhor","publisher":{"@id":"https:\/\/www.elza-institute.com\/#organization"},"potentialAction":[{"@type":"SearchAction","target":{"@type":"EntryPoint","urlTemplate":"https:\/\/www.elza-institute.com\/?s={search_term_string}"},"query-input":{"@type":"PropertyValueSpecification","valueRequired":true,"valueName":"search_term_string"}}],"inLanguage":"pt-PT"},{"@type":"Organization","@id":"https:\/\/www.elza-institute.com\/#organization","name":"O Instituto ELZA","url":"https:\/\/www.elza-institute.com\/","logo":{"@type":"ImageObject","inLanguage":"pt-PT","@id":"https:\/\/www.elza-institute.com\/#\/schema\/logo\/image\/","url":"https:\/\/www.elza-institute.com\/wp-content\/uploads\/2016\/04\/ELZA-logo-V4.jpg","contentUrl":"https:\/\/www.elza-institute.com\/wp-content\/uploads\/2016\/04\/ELZA-logo-V4.jpg","width":1181,"height":453,"caption":"The ELZA Institute"},"image":{"@id":"https:\/\/www.elza-institute.com\/#\/schema\/logo\/image\/"},"sameAs":["https:\/\/www.facebook.com\/ELZA.Institute\/","https:\/\/x.com\/ELZA_Institute","https:\/\/www.linkedin.com\/company\/elza-institute?trk=top_nav_home"]}]}},"_links":{"self":[{"href":"https:\/\/www.elza-institute.com\/pt\/wp-json\/wp\/v2\/pages\/13616","targetHints":{"allow":["GET"]}}],"collection":[{"href":"https:\/\/www.elza-institute.com\/pt\/wp-json\/wp\/v2\/pages"}],"about":[{"href":"https:\/\/www.elza-institute.com\/pt\/wp-json\/wp\/v2\/types\/page"}],"author":[{"embeddable":true,"href":"https:\/\/www.elza-institute.com\/pt\/wp-json\/wp\/v2\/users\/6"}],"replies":[{"embeddable":true,"href":"https:\/\/www.elza-institute.com\/pt\/wp-json\/wp\/v2\/comments?post=13616"}],"version-history":[{"count":0,"href":"https:\/\/www.elza-institute.com\/pt\/wp-json\/wp\/v2\/pages\/13616\/revisions"}],"up":[{"embeddable":true,"href":"https:\/\/www.elza-institute.com\/pt\/wp-json\/wp\/v2\/pages\/13599"}],"wp:featuredmedia":[{"embeddable":true,"href":"https:\/\/www.elza-institute.com\/pt\/wp-json\/wp\/v2\/media\/45798"}],"wp:attachment":[{"href":"https:\/\/www.elza-institute.com\/pt\/wp-json\/wp\/v2\/media?parent=13616"}],"curies":[{"name":"wp","href":"https:\/\/api.w.org\/{rel}","templated":true}]}}