{"id":14342,"date":"2019-03-05T16:57:13","date_gmt":"2019-03-05T16:57:13","guid":{"rendered":"https:\/\/www.elza-institute.com\/?page_id=14342"},"modified":"2026-03-13T13:54:22","modified_gmt":"2026-03-13T13:54:22","slug":"referrals","status":"publish","type":"page","link":"https:\/\/www.elza-institute.com\/pt\/referrals\/","title":{"rendered":"Encaminhamentos"},"content":{"rendered":"<div data-elementor-type=\"wp-page\" data-elementor-id=\"14342\" class=\"elementor elementor-14342\" data-elementor-post-type=\"page\">\n\t\t\t\t<div class=\"elementor-element elementor-element-9a6bc49 e-flex e-con-boxed e-con e-parent\" data-id=\"9a6bc49\" data-element_type=\"container\" data-e-type=\"container\" data-settings=\"{&quot;background_background&quot;:&quot;classic&quot;}\">\n\t\t\t\t\t<div class=\"e-con-inner\">\n\t\t<div class=\"elementor-element elementor-element-8cff2a5 e-con-full e-flex e-con e-child\" data-id=\"8cff2a5\" data-element_type=\"container\" data-e-type=\"container\">\n\t\t\t\t<div class=\"elementor-element elementor-element-11f7ee0 elementor-icon-list--layout-inline elementor-list-item-link-inline elementor-align-start elementor-invisible elementor-widget elementor-widget-icon-list\" data-id=\"11f7ee0\" data-element_type=\"widget\" data-e-type=\"widget\" data-settings=\"{&quot;_animation&quot;:&quot;fadeInUp&quot;}\" data-widget_type=\"icon-list.default\">\n\t\t\t\t<div class=\"elementor-widget-container\">\n\t\t\t\t\t\t\t<ul class=\"elementor-icon-list-items elementor-inline-items\">\n\t\t\t\t\t\t\t<li class=\"elementor-icon-list-item elementor-inline-item\">\n\t\t\t\t\t\t\t\t\t\t\t<a href=\"https:\/\/www.elza-institute.com\/pt\/\">\n\n\t\t\t\t\t\t\t\t\t\t\t<span class=\"elementor-icon-list-text\">In\u00edcio<\/span>\n\t\t\t\t\t\t\t\t\t\t\t<\/a>\n\t\t\t\t\t\t\t\t\t<\/li>\n\t\t\t\t\t\t\t\t<li class=\"elementor-icon-list-item elementor-inline-item\">\n\t\t\t\t\t\t\t\t\t\t<span class=\"elementor-icon-list-text\">\"<\/span>\n\t\t\t\t\t\t\t\t\t<\/li>\n\t\t\t\t\t\t\t\t<li class=\"elementor-icon-list-item elementor-inline-item\">\n\t\t\t\t\t\t\t\t\t\t<span class=\"elementor-icon-list-text\">Encaminhamentos<\/span>\n\t\t\t\t\t\t\t\t\t<\/li>\n\t\t\t\t\t\t<\/ul>\n\t\t\t\t\t\t<\/div>\n\t\t\t\t<\/div>\n\t\t\t\t<div class=\"elementor-element elementor-element-39dde54 elementor-widget elementor-widget-heading\" data-id=\"39dde54\" data-element_type=\"widget\" data-e-type=\"widget\" data-widget_type=\"heading.default\">\n\t\t\t\t<div class=\"elementor-widget-container\">\n\t\t\t\t\t<h1 class=\"elementor-heading-title elementor-size-default\">Encaminhamento de pacientes<\/h1>\t\t\t\t<\/div>\n\t\t\t\t<\/div>\n\t\t\t\t<\/div>\n\t\t<div class=\"elementor-element elementor-element-4d91d0c elementor-hidden-mobile e-con-full e-flex e-con e-child\" data-id=\"4d91d0c\" data-element_type=\"container\" data-e-type=\"container\">\n\t\t\t\t<\/div>\n\t\t\t\t\t<\/div>\n\t\t\t\t<\/div>\n\t\t<div class=\"elementor-element elementor-element-f37de9d e-flex e-con-boxed e-con e-parent\" data-id=\"f37de9d\" data-element_type=\"container\" data-e-type=\"container\">\n\t\t\t\t\t<div class=\"e-con-inner\">\n\t\t\t\t<div class=\"elementor-element elementor-element-99d2e14 elementor-widget__width-initial elementor-widget elementor-widget-text-editor\" data-id=\"99d2e14\" data-element_type=\"widget\" data-e-type=\"widget\" data-no-translation=\"\" data-widget_type=\"text-editor.default\">\n\t\t\t\t<div class=\"elementor-widget-container\">\n\t\t\t\t\t<style>.elementor-element-99d2e14{display:none !important}<\/style>\t\t\t\t<\/div>\n\t\t\t\t<\/div>\n\t\t\t\t<div class=\"elementor-element elementor-element-7d6944b elementor-widget__width-initial elementor-widget elementor-widget-text-editor\" data-id=\"7d6944b\" data-element_type=\"widget\" data-e-type=\"widget\" data-widget_type=\"text-editor.default\">\n\t\t\t\t<div class=\"elementor-widget-container\">\n\t\t\t\t\t\t\t\t\t<p><iframe width=\"800\" height=\"539\" src=\"https:\/\/oembed.jotform.com\/90635037729361\" sandbox=\"allow-forms allow-scripts allow-same-origin allow-top-navigation allow-popups allow-popups-to-escape-sandbox\"><\/iframe><\/p>\t\t\t\t\t\t\t\t<\/div>\n\t\t\t\t<\/div>\n\t\t\t\t<div class=\"elementor-element elementor-element-4823b7d elementor-widget__width-inherit elementor-widget elementor-widget-heading\" data-id=\"4823b7d\" data-element_type=\"widget\" data-e-type=\"widget\" data-widget_type=\"heading.default\">\n\t\t\t\t<div class=\"elementor-widget-container\">\n\t\t\t\t\t<h2 class=\"elementor-heading-title elementor-size-default\">Como chegar ao ELZA<\/h2>\t\t\t\t<\/div>\n\t\t\t\t<\/div>\n\t\t\t\t\t<\/div>\n\t\t\t\t<\/div>\n\t\t<div class=\"elementor-element elementor-element-d53108d e-flex e-con-boxed e-con e-parent\" data-id=\"d53108d\" data-element_type=\"container\" data-e-type=\"container\">\n\t\t\t\t\t<div class=\"e-con-inner\">\n\t\t\t\t<div class=\"elementor-element elementor-element-912f936 elementor-widget-mobile__width-inherit elementor-widget elementor-widget-video\" data-id=\"912f936\" data-element_type=\"widget\" data-e-type=\"widget\" data-settings=\"{&quot;video_type&quot;:&quot;vimeo&quot;,&quot;show_image_overlay&quot;:&quot;yes&quot;,&quot;image_overlay&quot;:{&quot;url&quot;:&quot;https:\\\/\\\/www.elza-institute.com\\\/wp-content\\\/uploads\\\/2019\\\/03\\\/on-foot-train-elza.jpg&quot;,&quot;id&quot;:14880,&quot;size&quot;:&quot;&quot;}}\" data-widget_type=\"video.default\">\n\t\t\t\t<div class=\"elementor-widget-container\">\n\t\t\t\t\t\t\t<div class=\"elementor-wrapper elementor-open-inline\">\n\t\t\t<iframe class=\"elementor-video-iframe\" allowfullscreen allow=\"clipboard-write\" title=\"Leitor de v\u00eddeo vimeo\" src=\"https:\/\/player.vimeo.com\/video\/143715451?color&amp;autopause=0&amp;loop=0&amp;muted=0&amp;title=1&amp;portrait=1&amp;byline=1#t=\"><\/iframe>\t\t\t\t<div class=\"elementor-custom-embed-image-overlay\" style=\"background-image: url(https:\/\/www.elza-institute.com\/wp-content\/uploads\/2019\/03\/on-foot-train-elza.jpg);\">\n\t\t\t\t\t\t\t\t\t\t\t\t\t\t\t\t<div class=\"elementor-custom-embed-play\" role=\"button\" aria-label=\"Abrir v\u00eddeo\" tabindex=\"0\">\n\t\t\t\t\t\t\t<svg aria-hidden=\"true\" class=\"e-font-icon-svg e-eicon-play\" viewbox=\"0 0 1000 1000\" xmlns=\"http:\/\/www.w3.org\/2000\/svg\"><path d=\"M838 162C746 71 633 25 500 25 371 25 258 71 163 162 71 254 25 367 25 500 25 633 71 746 163 837 254 929 367 979 500 979 633 979 746 933 838 837 929 746 975 633 975 500 975 367 929 254 838 162M808 192C892 279 933 379 933 500 933 621 892 725 808 808 725 892 621 938 500 938 379 938 279 896 196 808 113 725 67 621 67 500 67 379 108 279 196 192 279 108 383 62 500 62 621 62 721 108 808 192M438 392V642L642 517 438 392Z\"><\/path><\/svg>\t\t\t\t\t\t<\/div>\n\t\t\t\t\t\t\t\t\t<\/div>\n\t\t\t\t\t<\/div>\n\t\t\t\t\t\t<\/div>\n\t\t\t\t<\/div>\n\t\t\t\t<div class=\"elementor-element elementor-element-8187878 elementor-widget-mobile__width-inherit elementor-widget elementor-widget-video\" data-id=\"8187878\" data-element_type=\"widget\" data-e-type=\"widget\" data-settings=\"{&quot;video_type&quot;:&quot;vimeo&quot;,&quot;show_image_overlay&quot;:&quot;yes&quot;,&quot;image_overlay&quot;:{&quot;url&quot;:&quot;https:\\\/\\\/www.elza-institute.com\\\/wp-content\\\/uploads\\\/2019\\\/03\\\/by-car-elza.jpg&quot;,&quot;id&quot;:14881,&quot;size&quot;:&quot;&quot;}}\" data-widget_type=\"video.default\">\n\t\t\t\t<div class=\"elementor-widget-container\">\n\t\t\t\t\t\t\t<div class=\"elementor-wrapper elementor-open-inline\">\n\t\t\t<iframe class=\"elementor-video-iframe\" allowfullscreen allow=\"clipboard-write\" title=\"Leitor de v\u00eddeo vimeo\" src=\"https:\/\/player.vimeo.com\/video\/143790315?color&amp;autopause=0&amp;loop=0&amp;muted=0&amp;title=1&amp;portrait=1&amp;byline=1#t=\"><\/iframe>\t\t\t\t<div class=\"elementor-custom-embed-image-overlay\" style=\"background-image: url(https:\/\/www.elza-institute.com\/wp-content\/uploads\/2019\/03\/by-car-elza.jpg);\">\n\t\t\t\t\t\t\t\t\t\t\t\t\t\t\t\t<div class=\"elementor-custom-embed-play\" role=\"button\" aria-label=\"Abrir v\u00eddeo\" tabindex=\"0\">\n\t\t\t\t\t\t\t<svg aria-hidden=\"true\" class=\"e-font-icon-svg e-eicon-play\" viewbox=\"0 0 1000 1000\" xmlns=\"http:\/\/www.w3.org\/2000\/svg\"><path d=\"M838 162C746 71 633 25 500 25 371 25 258 71 163 162 71 254 25 367 25 500 25 633 71 746 163 837 254 929 367 979 500 979 633 979 746 933 838 837 929 746 975 633 975 500 975 367 929 254 838 162M808 192C892 279 933 379 933 500 933 621 892 725 808 808 725 892 621 938 500 938 379 938 279 896 196 808 113 725 67 621 67 500 67 379 108 279 196 192 279 108 383 62 500 62 621 62 721 108 808 192M438 392V642L642 517 438 392Z\"><\/path><\/svg>\t\t\t\t\t\t<\/div>\n\t\t\t\t\t\t\t\t\t<\/div>\n\t\t\t\t\t<\/div>\n\t\t\t\t\t\t<\/div>\n\t\t\t\t<\/div>\n\t\t\t\t\t<\/div>\n\t\t\t\t<\/div>\n\t\t<div class=\"elementor-element elementor-element-50ff5fa e-flex e-con-boxed e-con e-parent\" data-id=\"50ff5fa\" data-element_type=\"container\" data-e-type=\"container\">\n\t\t\t\t\t<div class=\"e-con-inner\">\n\t\t\t\t<div class=\"elementor-element elementor-element-93b5ff8 elementor-widget-mobile__width-initial elementor-widget elementor-widget-image\" data-id=\"93b5ff8\" data-element_type=\"widget\" data-e-type=\"widget\" data-widget_type=\"image.default\">\n\t\t\t\t<div class=\"elementor-widget-container\">\n\t\t\t\t\t\t\t\t\t\t\t\t<figure class=\"wp-caption\">\n\t\t\t\t\t\t\t\t\t\t\t<a href=\"\/wp-content\/uploads\/2019\/09\/Diretions-to-the-ELZA-Institute-EN-0919.pdf\">\n\t\t\t\t\t\t\t<img fetchpriority=\"high\" decoding=\"async\" width=\"399\" height=\"567\" src=\"https:\/\/www.elza-institute.com\/wp-content\/uploads\/2020\/09\/directions_en.png\" class=\"attachment-medium_large size-medium_large wp-image-31368\" alt=\"\" srcset=\"https:\/\/www.elza-institute.com\/wp-content\/uploads\/2020\/09\/directions_en.png 399w, https:\/\/www.elza-institute.com\/wp-content\/uploads\/2020\/09\/directions_en-211x300.png 211w\" sizes=\"(max-width: 399px) 100vw, 399px\" \/>\t\t\t\t\t\t\t\t<\/a>\n\t\t\t\t\t\t\t\t\t\t\t<figcaption class=\"widget-image-caption wp-caption-text\">Ingl\u00eas<\/figcaption>\n\t\t\t\t\t\t\t\t\t\t<\/figure>\n\t\t\t\t\t\t\t\t\t<\/div>\n\t\t\t\t<\/div>\n\t\t\t\t<div class=\"elementor-element elementor-element-0419878 elementor-widget-mobile__width-initial elementor-widget elementor-widget-image\" data-id=\"0419878\" data-element_type=\"widget\" data-e-type=\"widget\" data-widget_type=\"image.default\">\n\t\t\t\t<div class=\"elementor-widget-container\">\n\t\t\t\t\t\t\t\t\t\t\t\t<figure class=\"wp-caption\">\n\t\t\t\t\t\t\t\t\t\t\t<a href=\"\/wp-content\/uploads\/2019\/09\/Direc\u00e7\u00f5es-para-o-Instituto-ELZA-DE-0919.pdf\">\n\t\t\t\t\t\t\t<img decoding=\"async\" width=\"401\" height=\"566\" src=\"https:\/\/www.elza-institute.com\/wp-content\/uploads\/2020\/09\/Directions-DE.png\" class=\"attachment-medium_large size-medium_large wp-image-31369\" alt=\"\" srcset=\"https:\/\/www.elza-institute.com\/wp-content\/uploads\/2020\/09\/Directions-DE.png 401w, https:\/\/www.elza-institute.com\/wp-content\/uploads\/2020\/09\/Directions-DE-213x300.png 213w\" sizes=\"(max-width: 401px) 100vw, 401px\" \/>\t\t\t\t\t\t\t\t<\/a>\n\t\t\t\t\t\t\t\t\t\t\t<figcaption class=\"widget-image-caption wp-caption-text\">Alem\u00e3o<\/figcaption>\n\t\t\t\t\t\t\t\t\t\t<\/figure>\n\t\t\t\t\t\t\t\t\t<\/div>\n\t\t\t\t<\/div>\n\t\t\t\t<div class=\"elementor-element elementor-element-c7ade4a elementor-widget-mobile__width-initial elementor-widget elementor-widget-image\" data-id=\"c7ade4a\" data-element_type=\"widget\" data-e-type=\"widget\" data-widget_type=\"image.default\">\n\t\t\t\t<div class=\"elementor-widget-container\">\n\t\t\t\t\t\t\t\t\t\t\t\t<figure class=\"wp-caption\">\n\t\t\t\t\t\t\t\t\t\t\t<a href=\"\/wp-content\/uploads\/2019\/09\/Direc\u00e7\u00f5es-para-o-Instituto-ELZA-FR-0919.pdf\">\n\t\t\t\t\t\t\t<img fetchpriority=\"high\" decoding=\"async\" width=\"399\" height=\"567\" src=\"https:\/\/www.elza-institute.com\/wp-content\/uploads\/2020\/09\/directions_en.png\" class=\"attachment-medium_large size-medium_large wp-image-31368\" alt=\"\" srcset=\"https:\/\/www.elza-institute.com\/wp-content\/uploads\/2020\/09\/directions_en.png 399w, https:\/\/www.elza-institute.com\/wp-content\/uploads\/2020\/09\/directions_en-211x300.png 211w\" sizes=\"(max-width: 399px) 100vw, 399px\" \/>\t\t\t\t\t\t\t\t<\/a>\n\t\t\t\t\t\t\t\t\t\t\t<figcaption class=\"widget-image-caption wp-caption-text\">Franc\u00eas<\/figcaption>\n\t\t\t\t\t\t\t\t\t\t<\/figure>\n\t\t\t\t\t\t\t\t\t<\/div>\n\t\t\t\t<\/div>\n\t\t\t\t\t<\/div>\n\t\t\t\t<\/div>\n\t\t\t\t<\/div>","protected":false},"excerpt":{"rendered":"<p>Utilize o formul\u00e1rio abaixo para encaminhar pacientes para a ELZA. Normalmente, atendemos os pacientes referenciados no prazo de 48 horas, mas se for necess\u00e1ria uma consulta urgente, indique-o na sec\u00e7\u00e3o \"Observa\u00e7\u00f5es\".<\/p>","protected":false},"author":6,"featured_media":0,"parent":0,"menu_order":0,"comment_status":"closed","ping_status":"closed","template":"elementor_header_footer","meta":{"_acf_changed":false,"footnotes":""},"class_list":["post-14342","page","type-page","status-publish","hentry"],"acf":[],"yoast_head":"<!-- This site is optimized with the Yoast SEO plugin v27.3 - https:\/\/yoast.com\/product\/yoast-seo-wordpress\/ -->\n<title>Referrals - Refer patients to the ELZA Institute, Dietikon, Zurich<\/title>\n<meta name=\"description\" content=\"Here, you&#039;ll find an electronic form to make referrals to ELZA. We usually see patients within 48 hours, but if you market it &quot;urgent&quot;, we&#039;ll treat it so.\" \/>\n<meta name=\"robots\" content=\"index, follow, max-snippet:-1, max-image-preview:large, max-video-preview:-1\" \/>\n<link rel=\"canonical\" href=\"https:\/\/www.elza-institute.com\/pt\/referrals\/\" \/>\n<meta property=\"og:locale\" content=\"pt_PT\" \/>\n<meta property=\"og:type\" content=\"article\" \/>\n<meta property=\"og:title\" content=\"Referrals - Refer patients to the ELZA Institute, Dietikon, Zurich\" \/>\n<meta property=\"og:description\" content=\"Here, you&#039;ll find an electronic form to make referrals to ELZA. We usually see patients within 48 hours, but if you market it &quot;urgent&quot;, we&#039;ll treat it so.\" \/>\n<meta property=\"og:url\" content=\"https:\/\/www.elza-institute.com\/pt\/referrals\/\" \/>\n<meta property=\"og:site_name\" content=\"The ELZA Institute\" \/>\n<meta property=\"article:publisher\" content=\"https:\/\/www.facebook.com\/ELZA.Institute\/\" \/>\n<meta property=\"article:modified_time\" content=\"2026-03-13T13:54:22+00:00\" \/>\n<meta property=\"og:image\" content=\"https:\/\/www.elza-institute.com\/wp-content\/uploads\/2020\/09\/directions_en.png\" \/>\n\t<meta property=\"og:image:width\" content=\"399\" \/>\n\t<meta property=\"og:image:height\" content=\"567\" \/>\n\t<meta property=\"og:image:type\" content=\"image\/png\" \/>\n<meta name=\"twitter:label1\" content=\"Tempo estimado de leitura\" \/>\n\t<meta name=\"twitter:data1\" content=\"1 minuto\" \/>\n<script type=\"application\/ld+json\" class=\"yoast-schema-graph\">{\"@context\":\"https:\\\/\\\/schema.org\",\"@graph\":[{\"@type\":\"WebPage\",\"@id\":\"https:\\\/\\\/www.elza-institute.com\\\/referrals\\\/\",\"url\":\"https:\\\/\\\/www.elza-institute.com\\\/referrals\\\/\",\"name\":\"Referrals - Refer patients to the ELZA Institute, Dietikon, Zurich\",\"isPartOf\":{\"@id\":\"https:\\\/\\\/www.elza-institute.com\\\/#website\"},\"primaryImageOfPage\":{\"@id\":\"https:\\\/\\\/www.elza-institute.com\\\/referrals\\\/#primaryimage\"},\"image\":{\"@id\":\"https:\\\/\\\/www.elza-institute.com\\\/referrals\\\/#primaryimage\"},\"thumbnailUrl\":\"https:\\\/\\\/www.elza-institute.com\\\/wp-content\\\/uploads\\\/2020\\\/09\\\/directions_en.png\",\"datePublished\":\"2019-03-05T16:57:13+00:00\",\"dateModified\":\"2026-03-13T13:54:22+00:00\",\"description\":\"Here, you'll find an electronic form to make referrals to ELZA. We usually see patients within 48 hours, but if you market it \\\"urgent\\\", we'll treat it so.\",\"breadcrumb\":{\"@id\":\"https:\\\/\\\/www.elza-institute.com\\\/referrals\\\/#breadcrumb\"},\"inLanguage\":\"pt-PT\",\"potentialAction\":[{\"@type\":\"ReadAction\",\"target\":[\"https:\\\/\\\/www.elza-institute.com\\\/referrals\\\/\"]}]},{\"@type\":\"ImageObject\",\"inLanguage\":\"pt-PT\",\"@id\":\"https:\\\/\\\/www.elza-institute.com\\\/referrals\\\/#primaryimage\",\"url\":\"https:\\\/\\\/www.elza-institute.com\\\/wp-content\\\/uploads\\\/2020\\\/09\\\/directions_en.png\",\"contentUrl\":\"https:\\\/\\\/www.elza-institute.com\\\/wp-content\\\/uploads\\\/2020\\\/09\\\/directions_en.png\"},{\"@type\":\"BreadcrumbList\",\"@id\":\"https:\\\/\\\/www.elza-institute.com\\\/referrals\\\/#breadcrumb\",\"itemListElement\":[{\"@type\":\"ListItem\",\"position\":1,\"name\":\"Home\",\"item\":\"https:\\\/\\\/www.elza-institute.com\\\/\"},{\"@type\":\"ListItem\",\"position\":2,\"name\":\"Referrals\"}]},{\"@type\":\"WebSite\",\"@id\":\"https:\\\/\\\/www.elza-institute.com\\\/#website\",\"url\":\"https:\\\/\\\/www.elza-institute.com\\\/\",\"name\":\"The ELZA Institute\",\"description\":\"Swiss EyeCare at its finest\",\"publisher\":{\"@id\":\"https:\\\/\\\/www.elza-institute.com\\\/#organization\"},\"potentialAction\":[{\"@type\":\"SearchAction\",\"target\":{\"@type\":\"EntryPoint\",\"urlTemplate\":\"https:\\\/\\\/www.elza-institute.com\\\/?s={search_term_string}\"},\"query-input\":{\"@type\":\"PropertyValueSpecification\",\"valueRequired\":true,\"valueName\":\"search_term_string\"}}],\"inLanguage\":\"pt-PT\"},{\"@type\":\"Organization\",\"@id\":\"https:\\\/\\\/www.elza-institute.com\\\/#organization\",\"name\":\"The ELZA Institute\",\"url\":\"https:\\\/\\\/www.elza-institute.com\\\/\",\"logo\":{\"@type\":\"ImageObject\",\"inLanguage\":\"pt-PT\",\"@id\":\"https:\\\/\\\/www.elza-institute.com\\\/#\\\/schema\\\/logo\\\/image\\\/\",\"url\":\"https:\\\/\\\/www.elza-institute.com\\\/wp-content\\\/uploads\\\/2016\\\/04\\\/ELZA-logo-V4.jpg\",\"contentUrl\":\"https:\\\/\\\/www.elza-institute.com\\\/wp-content\\\/uploads\\\/2016\\\/04\\\/ELZA-logo-V4.jpg\",\"width\":1181,\"height\":453,\"caption\":\"The ELZA Institute\"},\"image\":{\"@id\":\"https:\\\/\\\/www.elza-institute.com\\\/#\\\/schema\\\/logo\\\/image\\\/\"},\"sameAs\":[\"https:\\\/\\\/www.facebook.com\\\/ELZA.Institute\\\/\",\"https:\\\/\\\/x.com\\\/ELZA_Institute\",\"https:\\\/\\\/www.linkedin.com\\\/company\\\/elza-institute?trk=top_nav_home\"]}]}<\/script>\n<!-- \/ Yoast SEO plugin. -->","yoast_head_json":{"title":"Encaminhamento - Encaminhar pacientes para o Instituto ELZA, Dietikon, Zurique","description":"Aqui, encontrar\u00e1 um formul\u00e1rio eletr\u00f3nico para encaminhar pacientes para a ELZA. Normalmente, atendemos os doentes no prazo de 48 horas, mas se o considerar \"urgente\", trat\u00e1-lo-emos como tal.","robots":{"index":"index","follow":"follow","max-snippet":"max-snippet:-1","max-image-preview":"max-image-preview:large","max-video-preview":"max-video-preview:-1"},"canonical":"https:\/\/www.elza-institute.com\/pt\/referrals\/","og_locale":"pt_PT","og_type":"article","og_title":"Referrals - Refer patients to the ELZA Institute, Dietikon, Zurich","og_description":"Here, you'll find an electronic form to make referrals to ELZA. We usually see patients within 48 hours, but if you market it \"urgent\", we'll treat it so.","og_url":"https:\/\/www.elza-institute.com\/pt\/referrals\/","og_site_name":"The ELZA Institute","article_publisher":"https:\/\/www.facebook.com\/ELZA.Institute\/","article_modified_time":"2026-03-13T13:54:22+00:00","og_image":[{"width":399,"height":567,"url":"https:\/\/www.elza-institute.com\/wp-content\/uploads\/2020\/09\/directions_en.png","type":"image\/png"}],"twitter_misc":{"Tempo estimado de leitura":"1 minuto"},"schema":{"@context":"https:\/\/schema.org","@graph":[{"@type":"WebPage","@id":"https:\/\/www.elza-institute.com\/referrals\/","url":"https:\/\/www.elza-institute.com\/referrals\/","name":"Encaminhamento - Encaminhar pacientes para o Instituto ELZA, Dietikon, Zurique","isPartOf":{"@id":"https:\/\/www.elza-institute.com\/#website"},"primaryImageOfPage":{"@id":"https:\/\/www.elza-institute.com\/referrals\/#primaryimage"},"image":{"@id":"https:\/\/www.elza-institute.com\/referrals\/#primaryimage"},"thumbnailUrl":"https:\/\/www.elza-institute.com\/wp-content\/uploads\/2020\/09\/directions_en.png","datePublished":"2019-03-05T16:57:13+00:00","dateModified":"2026-03-13T13:54:22+00:00","description":"Aqui, encontrar\u00e1 um formul\u00e1rio eletr\u00f3nico para encaminhar pacientes para a ELZA. Normalmente, atendemos os doentes no prazo de 48 horas, mas se o considerar \"urgente\", trat\u00e1-lo-emos como tal.","breadcrumb":{"@id":"https:\/\/www.elza-institute.com\/referrals\/#breadcrumb"},"inLanguage":"pt-PT","potentialAction":[{"@type":"ReadAction","target":["https:\/\/www.elza-institute.com\/referrals\/"]}]},{"@type":"ImageObject","inLanguage":"pt-PT","@id":"https:\/\/www.elza-institute.com\/referrals\/#primaryimage","url":"https:\/\/www.elza-institute.com\/wp-content\/uploads\/2020\/09\/directions_en.png","contentUrl":"https:\/\/www.elza-institute.com\/wp-content\/uploads\/2020\/09\/directions_en.png"},{"@type":"BreadcrumbList","@id":"https:\/\/www.elza-institute.com\/referrals\/#breadcrumb","itemListElement":[{"@type":"ListItem","position":1,"name":"Home","item":"https:\/\/www.elza-institute.com\/"},{"@type":"ListItem","position":2,"name":"Referrals"}]},{"@type":"WebSite","@id":"https:\/\/www.elza-institute.com\/#website","url":"https:\/\/www.elza-institute.com\/","name":"O Instituto ELZA","description":"Swiss EyeCare no seu melhor","publisher":{"@id":"https:\/\/www.elza-institute.com\/#organization"},"potentialAction":[{"@type":"SearchAction","target":{"@type":"EntryPoint","urlTemplate":"https:\/\/www.elza-institute.com\/?s={search_term_string}"},"query-input":{"@type":"PropertyValueSpecification","valueRequired":true,"valueName":"search_term_string"}}],"inLanguage":"pt-PT"},{"@type":"Organization","@id":"https:\/\/www.elza-institute.com\/#organization","name":"O Instituto ELZA","url":"https:\/\/www.elza-institute.com\/","logo":{"@type":"ImageObject","inLanguage":"pt-PT","@id":"https:\/\/www.elza-institute.com\/#\/schema\/logo\/image\/","url":"https:\/\/www.elza-institute.com\/wp-content\/uploads\/2016\/04\/ELZA-logo-V4.jpg","contentUrl":"https:\/\/www.elza-institute.com\/wp-content\/uploads\/2016\/04\/ELZA-logo-V4.jpg","width":1181,"height":453,"caption":"The ELZA Institute"},"image":{"@id":"https:\/\/www.elza-institute.com\/#\/schema\/logo\/image\/"},"sameAs":["https:\/\/www.facebook.com\/ELZA.Institute\/","https:\/\/x.com\/ELZA_Institute","https:\/\/www.linkedin.com\/company\/elza-institute?trk=top_nav_home"]}]}},"_links":{"self":[{"href":"https:\/\/www.elza-institute.com\/pt\/wp-json\/wp\/v2\/pages\/14342","targetHints":{"allow":["GET"]}}],"collection":[{"href":"https:\/\/www.elza-institute.com\/pt\/wp-json\/wp\/v2\/pages"}],"about":[{"href":"https:\/\/www.elza-institute.com\/pt\/wp-json\/wp\/v2\/types\/page"}],"author":[{"embeddable":true,"href":"https:\/\/www.elza-institute.com\/pt\/wp-json\/wp\/v2\/users\/6"}],"replies":[{"embeddable":true,"href":"https:\/\/www.elza-institute.com\/pt\/wp-json\/wp\/v2\/comments?post=14342"}],"version-history":[{"count":0,"href":"https:\/\/www.elza-institute.com\/pt\/wp-json\/wp\/v2\/pages\/14342\/revisions"}],"wp:attachment":[{"href":"https:\/\/www.elza-institute.com\/pt\/wp-json\/wp\/v2\/media?parent=14342"}],"curies":[{"name":"wp","href":"https:\/\/api.w.org\/{rel}","templated":true}]}}