{"id":16236,"date":"2019-03-25T08:23:30","date_gmt":"2019-03-25T08:23:30","guid":{"rendered":"https:\/\/www.elza-institute.com\/?page_id=16236"},"modified":"2025-06-16T10:28:05","modified_gmt":"2025-06-16T10:28:05","slug":"carmen-rodriguez","status":"publish","type":"page","link":"https:\/\/www.elza-institute.com\/pt\/sobre\/carmen-rodriguez\/","title":{"rendered":"Dr. Carmen Rodriguez"},"content":{"rendered":"<div data-elementor-type=\"wp-page\" data-elementor-id=\"16236\" class=\"elementor elementor-16236\" data-elementor-post-type=\"page\">\n\t\t\t\t<div class=\"elementor-element elementor-element-85042f4 e-con-full e-flex e-con e-parent\" data-id=\"85042f4\" data-element_type=\"container\" data-e-type=\"container\">\n\t\t\t\t<div class=\"elementor-element elementor-element-b58fe90 elementor-widget elementor-widget-template\" data-id=\"b58fe90\" data-element_type=\"widget\" data-e-type=\"widget\" data-widget_type=\"template.default\">\n\t\t\t\t<div class=\"elementor-widget-container\">\n\t\t\t\t\t\t\t<div class=\"elementor-template\">\n\t\t\t\t\t<div data-elementor-type=\"container\" data-elementor-id=\"45389\" class=\"elementor elementor-45389\" data-elementor-post-type=\"elementor_library\">\n\t\t\t\t<div class=\"elementor-element elementor-element-6c2271cf e-flex e-con-boxed e-con e-parent\" data-id=\"6c2271cf\" data-element_type=\"container\" data-e-type=\"container\" data-settings=\"{&quot;background_background&quot;:&quot;classic&quot;}\">\n\t\t\t\t\t<div class=\"e-con-inner\">\n\t\t<div class=\"elementor-element elementor-element-15aa9e28 e-con-full e-flex e-con e-child\" data-id=\"15aa9e28\" data-element_type=\"container\" data-e-type=\"container\">\n\t\t\t\t<div class=\"elementor-element elementor-element-1928d52c elementor-icon-list--layout-inline elementor-list-item-link-inline elementor-align-start elementor-widget__width-inherit elementor-invisible elementor-widget elementor-widget-icon-list\" data-id=\"1928d52c\" data-element_type=\"widget\" data-e-type=\"widget\" data-settings=\"{&quot;_animation&quot;:&quot;fadeInUp&quot;}\" data-widget_type=\"icon-list.default\">\n\t\t\t\t<div class=\"elementor-widget-container\">\n\t\t\t\t\t\t\t<ul class=\"elementor-icon-list-items elementor-inline-items\">\n\t\t\t\t\t\t\t<li class=\"elementor-icon-list-item elementor-inline-item\">\n\t\t\t\t\t\t\t\t\t\t\t<a href=\"https:\/\/www.elza-institute.com\/pt\/\">\n\n\t\t\t\t\t\t\t\t\t\t\t<span class=\"elementor-icon-list-text\">In\u00edcio<\/span>\n\t\t\t\t\t\t\t\t\t\t\t<\/a>\n\t\t\t\t\t\t\t\t\t<\/li>\n\t\t\t\t\t\t\t\t<li class=\"elementor-icon-list-item elementor-inline-item\">\n\t\t\t\t\t\t\t\t\t\t<span class=\"elementor-icon-list-text\">\"<\/span>\n\t\t\t\t\t\t\t\t\t<\/li>\n\t\t\t\t\t\t\t\t<li class=\"elementor-icon-list-item elementor-inline-item\">\n\t\t\t\t\t\t\t\t\t\t\t<a href=\"https:\/\/www.elza-institute.com\/pt\/sobre\/\">\n\n\t\t\t\t\t\t\t\t\t\t\t<span class=\"elementor-icon-list-text\">Sobre<\/span>\n\t\t\t\t\t\t\t\t\t\t\t<\/a>\n\t\t\t\t\t\t\t\t\t<\/li>\n\t\t\t\t\t\t\t\t<li class=\"elementor-icon-list-item elementor-inline-item\">\n\t\t\t\t\t\t\t\t\t\t<span class=\"elementor-icon-list-text\">\"<\/span>\n\t\t\t\t\t\t\t\t\t<\/li>\n\t\t\t\t\t\t\t\t<li class=\"elementor-icon-list-item elementor-inline-item\">\n\t\t\t\t\t\t\t\t\t\t<span class=\"elementor-icon-list-text\">Dr. Carmen Rodriguez<\/span>\n\t\t\t\t\t\t\t\t\t<\/li>\n\t\t\t\t\t\t<\/ul>\n\t\t\t\t\t\t<\/div>\n\t\t\t\t<\/div>\n\t\t\t\t<div class=\"elementor-element elementor-element-39056a2d elementor-widget__width-inherit elementor-widget elementor-widget-heading\" data-id=\"39056a2d\" data-element_type=\"widget\" data-e-type=\"widget\" data-widget_type=\"heading.default\">\n\t\t\t\t<div class=\"elementor-widget-container\">\n\t\t\t\t\t<h1 class=\"elementor-heading-title elementor-size-default\">Dr. Carmen Rodriguez<\/h1>\t\t\t\t<\/div>\n\t\t\t\t<\/div>\n\t\t\t\t<div class=\"elementor-element elementor-element-149d137 elementor-widget__width-initial elementor-widget elementor-widget-text-editor\" data-id=\"149d137\" data-element_type=\"widget\" data-e-type=\"widget\" data-widget_type=\"text-editor.default\">\n\t\t\t\t<div class=\"elementor-widget-container\">\n\t\t\t\t\t\t\t\t\tA Dra. Rodriguez completou a sua forma\u00e7\u00e3o cl\u00ednica na Su\u00ed\u00e7a, nomeadamente nos hospitais cantonais de Lugano e Aarau.\t\t\t\t\t\t\t\t<\/div>\n\t\t\t\t<\/div>\n\t\t\t\t<div class=\"elementor-element elementor-element-3788f91c elementor-mobile-align-justify btn  elementor-hidden-mobile elementor-widget elementor-widget-button\" data-id=\"3788f91c\" data-element_type=\"widget\" data-e-type=\"widget\" data-widget_type=\"button.default\">\n\t\t\t\t<div class=\"elementor-widget-container\">\n\t\t\t\t\t\t\t\t\t<div class=\"elementor-button-wrapper\">\n\t\t\t\t\t<a class=\"elementor-button elementor-button-link elementor-size-lg\" href=\"https:\/\/www.onedoc.ch\/de\/gruppenpraxis\/dietikon\/exjy\/elza-institute\" target=\"_blank\" rel=\"nofollow\" id=\"btn\">\n\t\t\t\t\t\t<span class=\"elementor-button-content-wrapper\">\n\t\t\t\t\t\t\t\t\t<span class=\"elementor-button-text\">Pacientes su\u00ed\u00e7os: marcar uma consulta<\/span>\n\t\t\t\t\t<\/span>\n\t\t\t\t\t<\/a>\n\t\t\t\t<\/div>\n\t\t\t\t\t\t\t\t<\/div>\n\t\t\t\t<\/div>\n\t\t\t\t<div class=\"elementor-element elementor-element-9bf486a elementor-mobile-align-justify btn  elementor-widget__width-auto elementor-widget elementor-widget-button\" data-id=\"9bf486a\" data-element_type=\"widget\" data-e-type=\"widget\" data-widget_type=\"button.default\">\n\t\t\t\t<div class=\"elementor-widget-container\">\n\t\t\t\t\t\t\t\t\t<div class=\"elementor-button-wrapper\">\n\t\t\t\t\t<a class=\"elementor-button elementor-button-link elementor-size-md\" href=\"https:\/\/www.elza-institute.com\/pt\/international-patients\/\" target=\"_blank\" rel=\"nofollow\" id=\"btn\">\n\t\t\t\t\t\t<span class=\"elementor-button-content-wrapper\">\n\t\t\t\t\t\t\t\t\t<span class=\"elementor-button-text\">Doentes internacionais: entre em contacto connosco<\/span>\n\t\t\t\t\t<\/span>\n\t\t\t\t\t<\/a>\n\t\t\t\t<\/div>\n\t\t\t\t\t\t\t\t<\/div>\n\t\t\t\t<\/div>\n\t\t\t\t<\/div>\n\t\t<div class=\"elementor-element elementor-element-503385d9 elementor-hidden-mobile e-con-full e-flex e-con e-child\" data-id=\"503385d9\" data-element_type=\"container\" data-e-type=\"container\">\n\t\t\t\t<\/div>\n\t\t\t\t\t<\/div>\n\t\t\t\t<\/div>\n\t\t\t\t<\/div>\n\t\t\t\t<\/div>\n\t\t\t\t\t\t<\/div>\n\t\t\t\t<\/div>\n\t\t\t\t<\/div>\n\t\t<div class=\"elementor-element elementor-element-3134358 e-flex e-con-boxed e-con e-parent\" data-id=\"3134358\" data-element_type=\"container\" data-e-type=\"container\">\n\t\t\t\t\t<div class=\"e-con-inner\">\n\t\t<div class=\"elementor-element elementor-element-60deabe e-con-full e-flex e-con e-child\" data-id=\"60deabe\" data-element_type=\"container\" data-e-type=\"container\">\n\t\t\t\t<div class=\"elementor-element elementor-element-41bc4e2 elementor-widget elementor-widget-text-editor\" data-id=\"41bc4e2\" data-element_type=\"widget\" data-e-type=\"widget\" data-widget_type=\"text-editor.default\">\n\t\t\t\t<div class=\"elementor-widget-container\">\n\t\t\t\t\t\t\t\t\t<h2>Interesse cient\u00edfico<\/h2><p>Para al\u00e9m das suas actividades cl\u00ednicas, a Dra. Rodriguez \u00e9 um membro ativo da equipa de investiga\u00e7\u00e3o cl\u00ednica do ELZA e est\u00e1 atualmente a concluir o seu doutoramento sobre um tema relacionado com o CXL.<\/p>\t\t\t\t\t\t\t\t<\/div>\n\t\t\t\t<\/div>\n\t\t\t\t<\/div>\n\t\t<div class=\"elementor-element elementor-element-596c1cf e-con-full e-flex e-con e-child\" data-id=\"596c1cf\" data-element_type=\"container\" data-e-type=\"container\">\n\t\t\t\t<div class=\"elementor-element elementor-element-62399cb elementor-widget elementor-widget-text-editor\" data-id=\"62399cb\" data-element_type=\"widget\" data-e-type=\"widget\" data-widget_type=\"text-editor.default\">\n\t\t\t\t<div class=\"elementor-widget-container\">\n\t\t\t\t\t\t\t\t\t<h2>Foco cl\u00ednico<\/h2><p>A Dra. Rodriguez \u00e9 um membro ativo da equipa de investiga\u00e7\u00e3o cl\u00ednica da ELZA e concentra-se na publica\u00e7\u00e3o de relat\u00f3rios cl\u00ednicos e de casos da cl\u00ednica. O seu foco \u00e9 a oftalmologia abrangente.<\/p>\t\t\t\t\t\t\t\t<\/div>\n\t\t\t\t<\/div>\n\t\t\t\t<div class=\"elementor-element elementor-element-048086a elementor-widget elementor-widget-text-editor\" data-id=\"048086a\" data-element_type=\"widget\" data-e-type=\"widget\" data-widget_type=\"text-editor.default\">\n\t\t\t\t<div class=\"elementor-widget-container\">\n\t\t\t\t\t\t\t\t\t<p>O Dr. Rodriguez nasceu em Espanha e licenciou-se em medicina na Universidade de C\u00e1dis.<\/p><p>O Dr. Rodriguez fala espanhol, italiano, alem\u00e3o e ingl\u00eas<\/p>\t\t\t\t\t\t\t\t<\/div>\n\t\t\t\t<\/div>\n\t\t\t\t<\/div>\n\t\t\t\t\t<\/div>\n\t\t\t\t<\/div>\n\t\t<div class=\"elementor-element elementor-element-64d425f e-con-full e-flex e-con e-parent\" data-id=\"64d425f\" data-element_type=\"container\" data-e-type=\"container\">\n\t\t\t\t<div class=\"elementor-element elementor-element-f50cc97 elementor-widget elementor-widget-template\" data-id=\"f50cc97\" data-element_type=\"widget\" data-e-type=\"widget\" data-widget_type=\"template.default\">\n\t\t\t\t<div class=\"elementor-widget-container\">\n\t\t\t\t\t\t\t<div class=\"elementor-template\">\n\t\t\t\t\t<div data-elementor-type=\"container\" data-elementor-id=\"49901\" class=\"elementor elementor-49901\" data-elementor-post-type=\"elementor_library\">\n\t\t\t\t<div class=\"elementor-element elementor-element-375389a2 e-flex e-con-boxed e-con e-parent\" data-id=\"375389a2\" data-element_type=\"container\" data-e-type=\"container\">\n\t\t\t\t\t<div class=\"e-con-inner\">\n\t\t<div class=\"elementor-element elementor-element-76001458 e-con-full e-flex e-con e-child\" data-id=\"76001458\" data-element_type=\"container\" data-e-type=\"container\" data-settings=\"{&quot;background_background&quot;:&quot;classic&quot;}\">\n\t\t\t\t<div class=\"elementor-element elementor-element-5384196b elementor-widget elementor-widget-shortcode\" data-id=\"5384196b\" data-element_type=\"widget\" data-e-type=\"widget\" data-widget_type=\"shortcode.default\">\n\t\t\t\t<div class=\"elementor-widget-container\">\n\t\t\t\t\t\t\t<div class=\"elementor-shortcode\"><div class=\"vasartes-prev-link\"><div class=\"vasartes-label\"><img decoding=\"async\" src=\"\/wp-content\/uploads\/2024\/03\/seta para tr\u00e1s.svg\" alt=\"Seta para tr\u00e1s\" class=\"vasartes-arrow\" \/>ANTERIOR<\/div><div class=\"vasartes-title\"><a href=\"https:\/\/www.elza-institute.com\/pt\/sobre\/emilio-torres\/\">Dr. med. Dr. sc. med. Emilio Torres-Netto<\/a><\/div><\/div>\n<\/div>\n\t\t\t\t\t\t<\/div>\n\t\t\t\t<\/div>\n\t\t\t\t<\/div>\n\t\t<div class=\"elementor-element elementor-element-6e81a1d7 e-con-full e-flex e-con e-child\" data-id=\"6e81a1d7\" data-element_type=\"container\" data-e-type=\"container\" data-settings=\"{&quot;background_background&quot;:&quot;classic&quot;}\">\n\t\t\t\t<div class=\"elementor-element elementor-element-627bc68e elementor-widget elementor-widget-shortcode\" data-id=\"627bc68e\" data-element_type=\"widget\" data-e-type=\"widget\" data-widget_type=\"shortcode.default\">\n\t\t\t\t<div class=\"elementor-widget-container\">\n\t\t\t\t\t\t\t<div class=\"elementor-shortcode\"><div class=\"vasartes-next-link\"><div class=\"vasartes-label\">SEGUINTE <img decoding=\"async\" src=\"\/wp-content\/uploads\/2024\/03\/seta-advance.svg\" alt=\"Pr\u00f3xima seta\" class=\"vasartes-arrow\" \/><\/div><div class=\"vasartes-title\"><a href=\"https:\/\/www.elza-institute.com\/pt\/sobre\/andrea-olenik-memmel\/\">Dr.\u00aa Andrea Ole\u00f1ik Memmel<\/a><\/div><\/div>\n<\/div>\n\t\t\t\t\t\t<\/div>\n\t\t\t\t<\/div>\n\t\t\t\t<\/div>\n\t\t\t\t\t<\/div>\n\t\t\t\t<\/div>\n\t\t\t\t<\/div>\n\t\t\t\t<\/div>\n\t\t\t\t\t\t<\/div>\n\t\t\t\t<\/div>\n\t\t\t\t<\/div>\n\t\t\t\t<\/div>","protected":false},"excerpt":{"rendered":"<p>A Dra. Rodriguez completou a sua forma\u00e7\u00e3o cl\u00ednica na Su\u00ed\u00e7a, nomeadamente nos hospitais cantonais de Lugano e Aarau.<\/p>","protected":false},"author":6,"featured_media":45806,"parent":13599,"menu_order":7,"comment_status":"closed","ping_status":"closed","template":"elementor_header_footer","meta":{"_acf_changed":false,"footnotes":""},"class_list":["post-16236","page","type-page","status-publish","has-post-thumbnail","hentry"],"acf":[],"yoast_head":"<!-- This site is optimized with the Yoast SEO plugin v27.2 - https:\/\/yoast.com\/product\/yoast-seo-wordpress\/ -->\n<title>Dr. Carmen Rodriguez - The ELZA Institute , Dietikon, Zurich, Switzerland.<\/title>\n<meta name=\"description\" content=\"Dr. Carmen Rodriguez is a General Ophthalmologist with a special research interest in corneal and anterior segment disorders.\" \/>\n<meta name=\"robots\" content=\"index, follow, max-snippet:-1, max-image-preview:large, max-video-preview:-1\" \/>\n<link rel=\"canonical\" href=\"https:\/\/www.elza-institute.com\/pt\/sobre\/carmen-rodriguez\/\" \/>\n<meta property=\"og:locale\" content=\"pt_PT\" \/>\n<meta property=\"og:type\" content=\"article\" \/>\n<meta property=\"og:title\" content=\"Dr. Carmen Rodriguez - The ELZA Institute , Dietikon, Zurich, Switzerland.\" \/>\n<meta property=\"og:description\" content=\"Dr. Carmen Rodriguez is a General Ophthalmologist with a special research interest in corneal and anterior segment disorders.\" \/>\n<meta property=\"og:url\" content=\"https:\/\/www.elza-institute.com\/pt\/sobre\/carmen-rodriguez\/\" \/>\n<meta property=\"og:site_name\" content=\"The ELZA Institute\" \/>\n<meta property=\"article:publisher\" content=\"https:\/\/www.facebook.com\/ELZA.Institute\/\" \/>\n<meta property=\"article:modified_time\" content=\"2025-06-16T10:28:05+00:00\" \/>\n<meta property=\"og:image\" content=\"https:\/\/www.elza-institute.com\/wp-content\/uploads\/2024\/08\/carmen-rodriguez.webp\" \/>\n\t<meta property=\"og:image:width\" content=\"353\" \/>\n\t<meta property=\"og:image:height\" content=\"327\" \/>\n\t<meta property=\"og:image:type\" content=\"image\/webp\" \/>\n<meta name=\"twitter:label1\" content=\"Tempo estimado de leitura\" \/>\n\t<meta name=\"twitter:data1\" content=\"1 minuto\" \/>\n<script type=\"application\/ld+json\" class=\"yoast-schema-graph\">{\"@context\":\"https:\/\/schema.org\",\"@graph\":[{\"@type\":\"WebPage\",\"@id\":\"https:\/\/www.elza-institute.com\/about-elza-2\/carmen-rodriguez\/\",\"url\":\"https:\/\/www.elza-institute.com\/about-elza-2\/carmen-rodriguez\/\",\"name\":\"Dr. Carmen Rodriguez - The ELZA Institute , Dietikon, Zurich, Switzerland.\",\"isPartOf\":{\"@id\":\"https:\/\/www.elza-institute.com\/#website\"},\"primaryImageOfPage\":{\"@id\":\"https:\/\/www.elza-institute.com\/about-elza-2\/carmen-rodriguez\/#primaryimage\"},\"image\":{\"@id\":\"https:\/\/www.elza-institute.com\/about-elza-2\/carmen-rodriguez\/#primaryimage\"},\"thumbnailUrl\":\"https:\/\/www.elza-institute.com\/wp-content\/uploads\/2024\/08\/carmen-rodriguez.webp\",\"datePublished\":\"2019-03-25T08:23:30+00:00\",\"dateModified\":\"2025-06-16T10:28:05+00:00\",\"description\":\"Dr. Carmen Rodriguez is a General Ophthalmologist with a special research interest in corneal and anterior segment disorders.\",\"breadcrumb\":{\"@id\":\"https:\/\/www.elza-institute.com\/about-elza-2\/carmen-rodriguez\/#breadcrumb\"},\"inLanguage\":\"pt-PT\",\"potentialAction\":[{\"@type\":\"ReadAction\",\"target\":[\"https:\/\/www.elza-institute.com\/about-elza-2\/carmen-rodriguez\/\"]}]},{\"@type\":\"ImageObject\",\"inLanguage\":\"pt-PT\",\"@id\":\"https:\/\/www.elza-institute.com\/about-elza-2\/carmen-rodriguez\/#primaryimage\",\"url\":\"https:\/\/www.elza-institute.com\/wp-content\/uploads\/2024\/08\/carmen-rodriguez.webp\",\"contentUrl\":\"https:\/\/www.elza-institute.com\/wp-content\/uploads\/2024\/08\/carmen-rodriguez.webp\",\"width\":353,\"height\":327},{\"@type\":\"BreadcrumbList\",\"@id\":\"https:\/\/www.elza-institute.com\/about-elza-2\/carmen-rodriguez\/#breadcrumb\",\"itemListElement\":[{\"@type\":\"ListItem\",\"position\":1,\"name\":\"Home\",\"item\":\"https:\/\/www.elza-institute.com\/\"},{\"@type\":\"ListItem\",\"position\":2,\"name\":\"About ELZA\",\"item\":\"https:\/\/www.elza-institute.com\/about-elza-2\/\"},{\"@type\":\"ListItem\",\"position\":3,\"name\":\"Dr. Carmen Rodriguez\"}]},{\"@type\":\"WebSite\",\"@id\":\"https:\/\/www.elza-institute.com\/#website\",\"url\":\"https:\/\/www.elza-institute.com\/\",\"name\":\"The ELZA Institute\",\"description\":\"Swiss EyeCare at its finest\",\"publisher\":{\"@id\":\"https:\/\/www.elza-institute.com\/#organization\"},\"potentialAction\":[{\"@type\":\"SearchAction\",\"target\":{\"@type\":\"EntryPoint\",\"urlTemplate\":\"https:\/\/www.elza-institute.com\/?s={search_term_string}\"},\"query-input\":{\"@type\":\"PropertyValueSpecification\",\"valueRequired\":true,\"valueName\":\"search_term_string\"}}],\"inLanguage\":\"pt-PT\"},{\"@type\":\"Organization\",\"@id\":\"https:\/\/www.elza-institute.com\/#organization\",\"name\":\"The ELZA Institute\",\"url\":\"https:\/\/www.elza-institute.com\/\",\"logo\":{\"@type\":\"ImageObject\",\"inLanguage\":\"pt-PT\",\"@id\":\"https:\/\/www.elza-institute.com\/#\/schema\/logo\/image\/\",\"url\":\"https:\/\/www.elza-institute.com\/wp-content\/uploads\/2016\/04\/ELZA-logo-V4.jpg\",\"contentUrl\":\"https:\/\/www.elza-institute.com\/wp-content\/uploads\/2016\/04\/ELZA-logo-V4.jpg\",\"width\":1181,\"height\":453,\"caption\":\"The ELZA Institute\"},\"image\":{\"@id\":\"https:\/\/www.elza-institute.com\/#\/schema\/logo\/image\/\"},\"sameAs\":[\"https:\/\/www.facebook.com\/ELZA.Institute\/\",\"https:\/\/x.com\/ELZA_Institute\",\"https:\/\/www.linkedin.com\/company\/elza-institute?trk=top_nav_home\"]}]}<\/script>\n<!-- \/ Yoast SEO plugin. -->","yoast_head_json":{"title":"Dra. Carmen Rodriguez - Instituto ELZA, Dietikon, Zurique, Su\u00ed\u00e7a.","description":"A Dra. Carmen Rodriguez \u00e9 uma oftalmologista geral com um interesse especial de investiga\u00e7\u00e3o em doen\u00e7as da c\u00f3rnea e do segmento anterior.","robots":{"index":"index","follow":"follow","max-snippet":"max-snippet:-1","max-image-preview":"max-image-preview:large","max-video-preview":"max-video-preview:-1"},"canonical":"https:\/\/www.elza-institute.com\/pt\/sobre\/carmen-rodriguez\/","og_locale":"pt_PT","og_type":"article","og_title":"Dr. Carmen Rodriguez - The ELZA Institute , Dietikon, Zurich, Switzerland.","og_description":"Dr. Carmen Rodriguez is a General Ophthalmologist with a special research interest in corneal and anterior segment disorders.","og_url":"https:\/\/www.elza-institute.com\/pt\/sobre\/carmen-rodriguez\/","og_site_name":"The ELZA Institute","article_publisher":"https:\/\/www.facebook.com\/ELZA.Institute\/","article_modified_time":"2025-06-16T10:28:05+00:00","og_image":[{"width":353,"height":327,"url":"https:\/\/www.elza-institute.com\/wp-content\/uploads\/2024\/08\/carmen-rodriguez.webp","type":"image\/webp"}],"twitter_misc":{"Tempo estimado de leitura":"1 minuto"},"schema":{"@context":"https:\/\/schema.org","@graph":[{"@type":"WebPage","@id":"https:\/\/www.elza-institute.com\/about-elza-2\/carmen-rodriguez\/","url":"https:\/\/www.elza-institute.com\/about-elza-2\/carmen-rodriguez\/","name":"Dra. Carmen Rodriguez - Instituto ELZA, Dietikon, Zurique, Su\u00ed\u00e7a.","isPartOf":{"@id":"https:\/\/www.elza-institute.com\/#website"},"primaryImageOfPage":{"@id":"https:\/\/www.elza-institute.com\/about-elza-2\/carmen-rodriguez\/#primaryimage"},"image":{"@id":"https:\/\/www.elza-institute.com\/about-elza-2\/carmen-rodriguez\/#primaryimage"},"thumbnailUrl":"https:\/\/www.elza-institute.com\/wp-content\/uploads\/2024\/08\/carmen-rodriguez.webp","datePublished":"2019-03-25T08:23:30+00:00","dateModified":"2025-06-16T10:28:05+00:00","description":"A Dra. Carmen Rodriguez \u00e9 uma oftalmologista geral com um interesse especial de investiga\u00e7\u00e3o em doen\u00e7as da c\u00f3rnea e do segmento anterior.","breadcrumb":{"@id":"https:\/\/www.elza-institute.com\/about-elza-2\/carmen-rodriguez\/#breadcrumb"},"inLanguage":"pt-PT","potentialAction":[{"@type":"ReadAction","target":["https:\/\/www.elza-institute.com\/about-elza-2\/carmen-rodriguez\/"]}]},{"@type":"ImageObject","inLanguage":"pt-PT","@id":"https:\/\/www.elza-institute.com\/about-elza-2\/carmen-rodriguez\/#primaryimage","url":"https:\/\/www.elza-institute.com\/wp-content\/uploads\/2024\/08\/carmen-rodriguez.webp","contentUrl":"https:\/\/www.elza-institute.com\/wp-content\/uploads\/2024\/08\/carmen-rodriguez.webp","width":353,"height":327},{"@type":"BreadcrumbList","@id":"https:\/\/www.elza-institute.com\/about-elza-2\/carmen-rodriguez\/#breadcrumb","itemListElement":[{"@type":"ListItem","position":1,"name":"Home","item":"https:\/\/www.elza-institute.com\/"},{"@type":"ListItem","position":2,"name":"About ELZA","item":"https:\/\/www.elza-institute.com\/about-elza-2\/"},{"@type":"ListItem","position":3,"name":"Dr. Carmen Rodriguez"}]},{"@type":"WebSite","@id":"https:\/\/www.elza-institute.com\/#website","url":"https:\/\/www.elza-institute.com\/","name":"O Instituto ELZA","description":"Swiss EyeCare no seu melhor","publisher":{"@id":"https:\/\/www.elza-institute.com\/#organization"},"potentialAction":[{"@type":"SearchAction","target":{"@type":"EntryPoint","urlTemplate":"https:\/\/www.elza-institute.com\/?s={search_term_string}"},"query-input":{"@type":"PropertyValueSpecification","valueRequired":true,"valueName":"search_term_string"}}],"inLanguage":"pt-PT"},{"@type":"Organization","@id":"https:\/\/www.elza-institute.com\/#organization","name":"O Instituto ELZA","url":"https:\/\/www.elza-institute.com\/","logo":{"@type":"ImageObject","inLanguage":"pt-PT","@id":"https:\/\/www.elza-institute.com\/#\/schema\/logo\/image\/","url":"https:\/\/www.elza-institute.com\/wp-content\/uploads\/2016\/04\/ELZA-logo-V4.jpg","contentUrl":"https:\/\/www.elza-institute.com\/wp-content\/uploads\/2016\/04\/ELZA-logo-V4.jpg","width":1181,"height":453,"caption":"The ELZA Institute"},"image":{"@id":"https:\/\/www.elza-institute.com\/#\/schema\/logo\/image\/"},"sameAs":["https:\/\/www.facebook.com\/ELZA.Institute\/","https:\/\/x.com\/ELZA_Institute","https:\/\/www.linkedin.com\/company\/elza-institute?trk=top_nav_home"]}]}},"_links":{"self":[{"href":"https:\/\/www.elza-institute.com\/pt\/wp-json\/wp\/v2\/pages\/16236","targetHints":{"allow":["GET"]}}],"collection":[{"href":"https:\/\/www.elza-institute.com\/pt\/wp-json\/wp\/v2\/pages"}],"about":[{"href":"https:\/\/www.elza-institute.com\/pt\/wp-json\/wp\/v2\/types\/page"}],"author":[{"embeddable":true,"href":"https:\/\/www.elza-institute.com\/pt\/wp-json\/wp\/v2\/users\/6"}],"replies":[{"embeddable":true,"href":"https:\/\/www.elza-institute.com\/pt\/wp-json\/wp\/v2\/comments?post=16236"}],"version-history":[{"count":0,"href":"https:\/\/www.elza-institute.com\/pt\/wp-json\/wp\/v2\/pages\/16236\/revisions"}],"up":[{"embeddable":true,"href":"https:\/\/www.elza-institute.com\/pt\/wp-json\/wp\/v2\/pages\/13599"}],"wp:featuredmedia":[{"embeddable":true,"href":"https:\/\/www.elza-institute.com\/pt\/wp-json\/wp\/v2\/media\/45806"}],"wp:attachment":[{"href":"https:\/\/www.elza-institute.com\/pt\/wp-json\/wp\/v2\/media?parent=16236"}],"curies":[{"name":"wp","href":"https:\/\/api.w.org\/{rel}","templated":true}]}}