{"id":35747,"date":"2021-11-14T09:16:44","date_gmt":"2021-11-14T09:16:44","guid":{"rendered":"https:\/\/www.elza-institute.com\/?page_id=35747"},"modified":"2025-05-22T20:49:08","modified_gmt":"2025-05-22T20:49:08","slug":"send-topography","status":"publish","type":"page","link":"https:\/\/www.elza-institute.com\/pt\/send-topography\/","title":{"rendered":"Envie a sua topografia"},"content":{"rendered":"<div data-elementor-type=\"wp-page\" data-elementor-id=\"35747\" class=\"elementor elementor-35747\" data-elementor-post-type=\"page\">\n\t\t\t\t<div class=\"elementor-element elementor-element-a797745 e-flex e-con-boxed e-con e-parent\" data-id=\"a797745\" data-element_type=\"container\" data-e-type=\"container\" data-settings=\"{&quot;background_background&quot;:&quot;classic&quot;}\">\n\t\t\t\t\t<div class=\"e-con-inner\">\n\t\t<div class=\"elementor-element elementor-element-76a85a3 e-con-full e-flex e-con e-child\" data-id=\"76a85a3\" data-element_type=\"container\" data-e-type=\"container\">\n\t\t\t\t<div class=\"elementor-element elementor-element-33dc6bc elementor-icon-list--layout-inline elementor-list-item-link-inline elementor-align-start elementor-widget__width-inherit elementor-invisible elementor-widget elementor-widget-icon-list\" data-id=\"33dc6bc\" data-element_type=\"widget\" data-e-type=\"widget\" data-settings=\"{&quot;_animation&quot;:&quot;fadeInUp&quot;}\" data-widget_type=\"icon-list.default\">\n\t\t\t\t<div class=\"elementor-widget-container\">\n\t\t\t\t\t\t\t<ul class=\"elementor-icon-list-items elementor-inline-items\">\n\t\t\t\t\t\t\t<li class=\"elementor-icon-list-item elementor-inline-item\">\n\t\t\t\t\t\t\t\t\t\t\t<a href=\"https:\/\/www.elza-institute.com\/pt\/\">\n\n\t\t\t\t\t\t\t\t\t\t\t<span class=\"elementor-icon-list-text\">In\u00edcio<\/span>\n\t\t\t\t\t\t\t\t\t\t\t<\/a>\n\t\t\t\t\t\t\t\t\t<\/li>\n\t\t\t\t\t\t\t\t<li class=\"elementor-icon-list-item elementor-inline-item\">\n\t\t\t\t\t\t\t\t\t\t<span class=\"elementor-icon-list-text\">\"<\/span>\n\t\t\t\t\t\t\t\t\t<\/li>\n\t\t\t\t\t\t\t\t<li class=\"elementor-icon-list-item elementor-inline-item\">\n\t\t\t\t\t\t\t\t\t\t<span class=\"elementor-icon-list-text\">Envie a sua topografia<\/span>\n\t\t\t\t\t\t\t\t\t<\/li>\n\t\t\t\t\t\t<\/ul>\n\t\t\t\t\t\t<\/div>\n\t\t\t\t<\/div>\n\t\t\t\t<div class=\"elementor-element elementor-element-0fd5a89 elementor-widget__width-inherit elementor-widget elementor-widget-heading\" data-id=\"0fd5a89\" data-element_type=\"widget\" data-e-type=\"widget\" data-widget_type=\"heading.default\">\n\t\t\t\t<div class=\"elementor-widget-container\">\n\t\t\t\t\t<h1 class=\"elementor-heading-title elementor-size-default\">Envie a sua topografia<\/h1>\t\t\t\t<\/div>\n\t\t\t\t<\/div>\n\t\t\t\t<div class=\"elementor-element elementor-element-97ddeb5 elementor-widget__width-initial elementor-widget elementor-widget-text-editor\" data-id=\"97ddeb5\" data-element_type=\"widget\" data-e-type=\"widget\" data-widget_type=\"text-editor.default\">\n\t\t\t\t<div class=\"elementor-widget-container\">\n\t\t\t\t\t\t\t\t\tN\u00e3o tem a certeza se a topografia do seu doente \u00e9 normal ou n\u00e3o?<br>\nNo Instituto ELZA somos especializados em ver e tratar pacientes com patologias da c\u00f3rnea. Somos contactados por profissionais de sa\u00fade v\u00e1rias vezes por semana para avaliar topografias da c\u00f3rnea. Em alguns casos, uma primeira avalia\u00e7\u00e3o de uma topografia ajudar\u00e1 a decidir se o seu paciente deve ou n\u00e3o vir at\u00e9 n\u00f3s para uma avalia\u00e7\u00e3o completa.\n<b>Este \u00e9 um servi\u00e7o gratuito prestado pelo Instituto ELZA. Este servi\u00e7o destina-se exclusivamente aos profissionais de sa\u00fade.<\/b>\t\t\t\t\t\t\t\t<\/div>\n\t\t\t\t<\/div>\n\t\t\t\t<div class=\"elementor-element elementor-element-523b879 elementor-widget__width-initial elementor-widget elementor-widget-button\" data-id=\"523b879\" data-element_type=\"widget\" data-e-type=\"widget\" data-widget_type=\"button.default\">\n\t\t\t\t<div class=\"elementor-widget-container\">\n\t\t\t\t\t\t\t\t\t<div class=\"elementor-button-wrapper\">\n\t\t\t\t\t<a class=\"elementor-button elementor-button-link elementor-size-sm\" href=\"https:\/\/form.jotform.com\/242941431909358\" target=\"_blank\" rel=\"nofollow\">\n\t\t\t\t\t\t<span class=\"elementor-button-content-wrapper\">\n\t\t\t\t\t\t\t\t\t<span class=\"elementor-button-text\">Agendar consulta em linha<\/span>\n\t\t\t\t\t<\/span>\n\t\t\t\t\t<\/a>\n\t\t\t\t<\/div>\n\t\t\t\t\t\t\t\t<\/div>\n\t\t\t\t<\/div>\n\t\t\t\t<\/div>\n\t\t<div class=\"elementor-element elementor-element-1df7c9b elementor-hidden-mobile e-con-full e-flex e-con e-child\" data-id=\"1df7c9b\" data-element_type=\"container\" data-e-type=\"container\">\n\t\t\t\t<\/div>\n\t\t\t\t\t<\/div>\n\t\t\t\t<\/div>\n\t\t<div class=\"elementor-element elementor-element-fe46210 e-flex e-con-boxed e-con e-parent\" data-id=\"fe46210\" data-element_type=\"container\" data-e-type=\"container\">\n\t\t\t\t\t<div class=\"e-con-inner\">\n\t\t<div class=\"elementor-element elementor-element-b5ac645 e-con-full e-flex elementor-invisible e-con e-child\" data-id=\"b5ac645\" data-element_type=\"container\" data-e-type=\"container\" data-settings=\"{&quot;background_background&quot;:&quot;classic&quot;,&quot;animation&quot;:&quot;fadeInLeft&quot;}\">\n\t\t\t\t<div class=\"elementor-element elementor-element-5d5d122 elementor-widget elementor-widget-text-editor\" data-id=\"5d5d122\" data-element_type=\"widget\" data-e-type=\"widget\" data-widget_type=\"text-editor.default\">\n\t\t\t\t<div class=\"elementor-widget-container\">\n\t\t\t\t\t\t\t\t\t<h3 style=\"text-align: left;\">Passo 1<\/h3><div style=\"text-align: left;\">Tirar uma topografia do doente (em qualquer dispositivo)<\/div>\t\t\t\t\t\t\t\t<\/div>\n\t\t\t\t<\/div>\n\t\t\t\t<\/div>\n\t\t<div class=\"elementor-element elementor-element-360373b e-con-full e-flex elementor-invisible e-con e-child\" data-id=\"360373b\" data-element_type=\"container\" data-e-type=\"container\" data-settings=\"{&quot;background_background&quot;:&quot;classic&quot;,&quot;animation&quot;:&quot;fadeInUp&quot;}\">\n\t\t\t\t<div class=\"elementor-element elementor-element-8d78b5c elementor-widget elementor-widget-text-editor\" data-id=\"8d78b5c\" data-element_type=\"widget\" data-e-type=\"widget\" data-widget_type=\"text-editor.default\">\n\t\t\t\t<div class=\"elementor-widget-container\">\n\t\t\t\t\t\t\t\t\t<h3>Passo 2<\/h3><div>Envie-nos um ficheiro (JPEG, U12, PDF)<\/div>\t\t\t\t\t\t\t\t<\/div>\n\t\t\t\t<\/div>\n\t\t\t\t<\/div>\n\t\t<div class=\"elementor-element elementor-element-da7a66c e-con-full e-flex elementor-invisible e-con e-child\" data-id=\"da7a66c\" data-element_type=\"container\" data-e-type=\"container\" data-settings=\"{&quot;background_background&quot;:&quot;classic&quot;,&quot;animation&quot;:&quot;fadeInUp&quot;}\">\n\t\t\t\t<div class=\"elementor-element elementor-element-3bc106d elementor-widget elementor-widget-text-editor\" data-id=\"3bc106d\" data-element_type=\"widget\" data-e-type=\"widget\" data-widget_type=\"text-editor.default\">\n\t\t\t\t<div class=\"elementor-widget-container\">\n\t\t\t\t\t\t\t\t\t<h3>Passo 3<\/h3><div>Entraremos em contacto consigo com a nossa avalia\u00e7\u00e3o<\/div>\t\t\t\t\t\t\t\t<\/div>\n\t\t\t\t<\/div>\n\t\t\t\t<\/div>\n\t\t<div class=\"elementor-element elementor-element-5150016 e-con-full e-flex elementor-invisible e-con e-child\" data-id=\"5150016\" data-element_type=\"container\" data-e-type=\"container\" data-settings=\"{&quot;background_background&quot;:&quot;classic&quot;,&quot;animation&quot;:&quot;fadeInRight&quot;}\">\n\t\t\t\t<div class=\"elementor-element elementor-element-79d7242 elementor-widget elementor-widget-image\" data-id=\"79d7242\" data-element_type=\"widget\" data-e-type=\"widget\" data-widget_type=\"image.default\">\n\t\t\t\t<div class=\"elementor-widget-container\">\n\t\t\t\t\t\t\t\t\t\t\t\t\t\t\t<img decoding=\"async\" width=\"69\" height=\"60\" src=\"https:\/\/www.elza-institute.com\/wp-content\/uploads\/2024\/07\/online-consultation.svg\" class=\"attachment-full size-full wp-image-43836\" alt=\"\" \/>\t\t\t\t\t\t\t\t\t\t\t\t\t\t\t<\/div>\n\t\t\t\t<\/div>\n\t\t\t\t<\/div>\n\t\t\t\t\t<\/div>\n\t\t\t\t<\/div>\n\t\t<div class=\"elementor-element elementor-element-1070cad e-flex e-con-boxed e-con e-parent\" data-id=\"1070cad\" data-element_type=\"container\" data-e-type=\"container\">\n\t\t\t\t\t<div class=\"e-con-inner\">\n\t\t\t\t<div class=\"elementor-element elementor-element-94938a5 elementor-position-right elementor-vertical-align-top elementor-widget elementor-widget-image-box\" data-id=\"94938a5\" data-element_type=\"widget\" data-e-type=\"widget\" data-widget_type=\"image-box.default\">\n\t\t\t\t<div class=\"elementor-widget-container\">\n\t\t\t\t\t<div class=\"elementor-image-box-wrapper\"><figure class=\"elementor-image-box-img\"><img fetchpriority=\"high\" decoding=\"async\" width=\"400\" height=\"400\" src=\"https:\/\/www.elza-institute.com\/wp-content\/uploads\/2021\/11\/213212357775355_1637226897_qrcode_muse.png\" class=\"attachment-medium_large size-medium_large wp-image-35808\" alt=\"\" srcset=\"https:\/\/www.elza-institute.com\/wp-content\/uploads\/2021\/11\/213212357775355_1637226897_qrcode_muse.png 400w, https:\/\/www.elza-institute.com\/wp-content\/uploads\/2021\/11\/213212357775355_1637226897_qrcode_muse-300x300.png 300w, https:\/\/www.elza-institute.com\/wp-content\/uploads\/2021\/11\/213212357775355_1637226897_qrcode_muse-150x150.png 150w, https:\/\/www.elza-institute.com\/wp-content\/uploads\/2021\/11\/213212357775355_1637226897_qrcode_muse-12x12.png 12w\" sizes=\"(max-width: 400px) 100vw, 400px\" \/><\/figure><div class=\"elementor-image-box-content\"><h4 class=\"elementor-image-box-title\">Existem duas formas de nos enviar uma topografia:<\/h4><p class=\"elementor-image-box-description\"><ul>\n \t<li>Utiliza\u00e7\u00e3o <a href=\"#formbelow\">o formul\u00e1rio abaixo<\/a> para enviar a sua topografia (formul\u00e1rio dispon\u00edvel em alem\u00e3o, ingl\u00eas e franc\u00eas)<br>- ou -<\/li>\n \t<li>Utilize o c\u00f3digo QR para aceder ao formul\u00e1rio com um dispositivo m\u00f3vel; pode tirar uma fotografia da topografia com a c\u00e2mara do seu smartphone e anex\u00e1-la diretamente. Se utiliza este servi\u00e7o com frequ\u00eancia, pode descarregar a aplica\u00e7\u00e3o (IOS e Android) para o seu ecr\u00e3 inicial para um acesso f\u00e1cil e r\u00e1pido.<\/li>\n<\/ul><\/p><\/div><\/div>\t\t\t\t<\/div>\n\t\t\t\t<\/div>\n\t\t\t\t<div class=\"elementor-element elementor-element-a2d5db6 elementor-widget__width-initial elementor-widget elementor-widget-text-editor\" data-id=\"a2d5db6\" data-element_type=\"widget\" data-e-type=\"widget\" data-widget_type=\"text-editor.default\">\n\t\t\t\t<div class=\"elementor-widget-container\">\n\t\t\t\t\t\t\t\t\t<iframe style=\"width: 100%; max-width: 800px;\" height=\"539\" src=\"https:\/\/oembed.jotform.com\/213211437141340\" sandbox=\"allow-forms allow-scripts allow-same-origin allow-top-navigation allow-popups allow-popups-to-escape-sandbox\"><\/iframe>\t\t\t\t\t\t\t\t<\/div>\n\t\t\t\t<\/div>\n\t\t\t\t\t<\/div>\n\t\t\t\t<\/div>\n\t\t\t\t<\/div>","protected":false},"excerpt":{"rendered":"<p>N\u00e3o tem a certeza se a topografia do seu doente \u00e9 normal ou n\u00e3o?<br \/>\nNo Instituto ELZA somos especializados em ver e tratar pacientes com patologias da c\u00f3rnea. Somos contactados por profissionais de sa\u00fade v\u00e1rias vezes por semana para avaliar topografias da c\u00f3rnea. Em alguns casos, uma primeira avalia\u00e7\u00e3o de uma topografia ajudar\u00e1 a decidir se o seu paciente deve ou n\u00e3o vir at\u00e9 n\u00f3s para uma avalia\u00e7\u00e3o completa.<br \/>\n<b>Este \u00e9 um servi\u00e7o gratuito prestado pelo Instituto ELZA. Este servi\u00e7o destina-se exclusivamente aos profissionais de sa\u00fade.<\/b><\/p>","protected":false},"author":12,"featured_media":0,"parent":0,"menu_order":0,"comment_status":"closed","ping_status":"closed","template":"elementor_header_footer","meta":{"_acf_changed":false,"footnotes":""},"class_list":["post-35747","page","type-page","status-publish","hentry"],"acf":[],"yoast_head":"<!-- This site is optimized with the Yoast SEO plugin v27.2 - https:\/\/yoast.com\/product\/yoast-seo-wordpress\/ -->\n<title>Send your topography for free assessment by the ELZA Institute in Zurich<\/title>\n<meta name=\"description\" content=\"Are you unsure whether your patient&#039;s topography taken is normal or not? Send it to the ELZA institute for a free assessment.\" \/>\n<meta name=\"robots\" content=\"index, follow, max-snippet:-1, max-image-preview:large, max-video-preview:-1\" \/>\n<link rel=\"canonical\" href=\"https:\/\/www.elza-institute.com\/pt\/send-topography\/\" \/>\n<meta property=\"og:locale\" content=\"pt_PT\" \/>\n<meta property=\"og:type\" content=\"article\" \/>\n<meta property=\"og:title\" content=\"Send your topography for free assessment by the ELZA Institute in Zurich\" \/>\n<meta property=\"og:description\" content=\"Are you unsure whether your patient&#039;s topography taken is normal or not? Send it to the ELZA institute for a free assessment.\" \/>\n<meta property=\"og:url\" content=\"https:\/\/www.elza-institute.com\/pt\/send-topography\/\" \/>\n<meta property=\"og:site_name\" content=\"The ELZA Institute\" \/>\n<meta property=\"article:publisher\" content=\"https:\/\/www.facebook.com\/ELZA.Institute\/\" \/>\n<meta property=\"article:modified_time\" content=\"2025-05-22T20:49:08+00:00\" \/>\n<meta property=\"og:image\" content=\"https:\/\/www.elza-institute.com\/wp-content\/uploads\/2021\/01\/MS-39-topo.jpg\" \/>\n\t<meta property=\"og:image:width\" content=\"1279\" \/>\n\t<meta property=\"og:image:height\" content=\"961\" \/>\n\t<meta property=\"og:image:type\" content=\"image\/jpeg\" \/>\n<meta name=\"twitter:label1\" content=\"Tempo estimado de leitura\" \/>\n\t<meta name=\"twitter:data1\" content=\"1 minuto\" \/>\n<script type=\"application\/ld+json\" class=\"yoast-schema-graph\">{\"@context\":\"https:\/\/schema.org\",\"@graph\":[{\"@type\":\"WebPage\",\"@id\":\"https:\/\/www.elza-institute.com\/send-topography\/\",\"url\":\"https:\/\/www.elza-institute.com\/send-topography\/\",\"name\":\"Send your topography for free assessment by the ELZA Institute in Zurich\",\"isPartOf\":{\"@id\":\"https:\/\/www.elza-institute.com\/#website\"},\"primaryImageOfPage\":{\"@id\":\"https:\/\/www.elza-institute.com\/send-topography\/#primaryimage\"},\"image\":{\"@id\":\"https:\/\/www.elza-institute.com\/send-topography\/#primaryimage\"},\"thumbnailUrl\":\"https:\/\/www.elza-institute.com\/wp-content\/uploads\/2024\/07\/online-consultation.svg\",\"datePublished\":\"2021-11-14T09:16:44+00:00\",\"dateModified\":\"2025-05-22T20:49:08+00:00\",\"description\":\"Are you unsure whether your patient's topography taken is normal or not? Send it to the ELZA institute for a free assessment.\",\"breadcrumb\":{\"@id\":\"https:\/\/www.elza-institute.com\/send-topography\/#breadcrumb\"},\"inLanguage\":\"pt-PT\",\"potentialAction\":[{\"@type\":\"ReadAction\",\"target\":[\"https:\/\/www.elza-institute.com\/send-topography\/\"]}]},{\"@type\":\"ImageObject\",\"inLanguage\":\"pt-PT\",\"@id\":\"https:\/\/www.elza-institute.com\/send-topography\/#primaryimage\",\"url\":\"https:\/\/www.elza-institute.com\/wp-content\/uploads\/2024\/07\/online-consultation.svg\",\"contentUrl\":\"https:\/\/www.elza-institute.com\/wp-content\/uploads\/2024\/07\/online-consultation.svg\"},{\"@type\":\"BreadcrumbList\",\"@id\":\"https:\/\/www.elza-institute.com\/send-topography\/#breadcrumb\",\"itemListElement\":[{\"@type\":\"ListItem\",\"position\":1,\"name\":\"Home\",\"item\":\"https:\/\/www.elza-institute.com\/\"},{\"@type\":\"ListItem\",\"position\":2,\"name\":\"Send your topography\"}]},{\"@type\":\"WebSite\",\"@id\":\"https:\/\/www.elza-institute.com\/#website\",\"url\":\"https:\/\/www.elza-institute.com\/\",\"name\":\"The ELZA Institute\",\"description\":\"Swiss EyeCare at its finest\",\"publisher\":{\"@id\":\"https:\/\/www.elza-institute.com\/#organization\"},\"potentialAction\":[{\"@type\":\"SearchAction\",\"target\":{\"@type\":\"EntryPoint\",\"urlTemplate\":\"https:\/\/www.elza-institute.com\/?s={search_term_string}\"},\"query-input\":{\"@type\":\"PropertyValueSpecification\",\"valueRequired\":true,\"valueName\":\"search_term_string\"}}],\"inLanguage\":\"pt-PT\"},{\"@type\":\"Organization\",\"@id\":\"https:\/\/www.elza-institute.com\/#organization\",\"name\":\"The ELZA Institute\",\"url\":\"https:\/\/www.elza-institute.com\/\",\"logo\":{\"@type\":\"ImageObject\",\"inLanguage\":\"pt-PT\",\"@id\":\"https:\/\/www.elza-institute.com\/#\/schema\/logo\/image\/\",\"url\":\"https:\/\/www.elza-institute.com\/wp-content\/uploads\/2016\/04\/ELZA-logo-V4.jpg\",\"contentUrl\":\"https:\/\/www.elza-institute.com\/wp-content\/uploads\/2016\/04\/ELZA-logo-V4.jpg\",\"width\":1181,\"height\":453,\"caption\":\"The ELZA Institute\"},\"image\":{\"@id\":\"https:\/\/www.elza-institute.com\/#\/schema\/logo\/image\/\"},\"sameAs\":[\"https:\/\/www.facebook.com\/ELZA.Institute\/\",\"https:\/\/x.com\/ELZA_Institute\",\"https:\/\/www.linkedin.com\/company\/elza-institute?trk=top_nav_home\"]}]}<\/script>\n<!-- \/ Yoast SEO plugin. -->","yoast_head_json":{"title":"Envie a sua topografia para ser avaliada gratuitamente pelo Instituto ELZA em Zurique","description":"N\u00e3o tem a certeza se a topografia tirada ao seu paciente \u00e9 normal ou n\u00e3o? Envie-a para o Instituto ELZA para uma avalia\u00e7\u00e3o gratuita.","robots":{"index":"index","follow":"follow","max-snippet":"max-snippet:-1","max-image-preview":"max-image-preview:large","max-video-preview":"max-video-preview:-1"},"canonical":"https:\/\/www.elza-institute.com\/pt\/send-topography\/","og_locale":"pt_PT","og_type":"article","og_title":"Send your topography for free assessment by the ELZA Institute in Zurich","og_description":"Are you unsure whether your patient's topography taken is normal or not? Send it to the ELZA institute for a free assessment.","og_url":"https:\/\/www.elza-institute.com\/pt\/send-topography\/","og_site_name":"The ELZA Institute","article_publisher":"https:\/\/www.facebook.com\/ELZA.Institute\/","article_modified_time":"2025-05-22T20:49:08+00:00","og_image":[{"width":1279,"height":961,"url":"https:\/\/www.elza-institute.com\/wp-content\/uploads\/2021\/01\/MS-39-topo.jpg","type":"image\/jpeg"}],"twitter_misc":{"Tempo estimado de leitura":"1 minuto"},"schema":{"@context":"https:\/\/schema.org","@graph":[{"@type":"WebPage","@id":"https:\/\/www.elza-institute.com\/send-topography\/","url":"https:\/\/www.elza-institute.com\/send-topography\/","name":"Envie a sua topografia para ser avaliada gratuitamente pelo Instituto ELZA em Zurique","isPartOf":{"@id":"https:\/\/www.elza-institute.com\/#website"},"primaryImageOfPage":{"@id":"https:\/\/www.elza-institute.com\/send-topography\/#primaryimage"},"image":{"@id":"https:\/\/www.elza-institute.com\/send-topography\/#primaryimage"},"thumbnailUrl":"https:\/\/www.elza-institute.com\/wp-content\/uploads\/2024\/07\/online-consultation.svg","datePublished":"2021-11-14T09:16:44+00:00","dateModified":"2025-05-22T20:49:08+00:00","description":"N\u00e3o tem a certeza se a topografia tirada ao seu paciente \u00e9 normal ou n\u00e3o? Envie-a para o Instituto ELZA para uma avalia\u00e7\u00e3o gratuita.","breadcrumb":{"@id":"https:\/\/www.elza-institute.com\/send-topography\/#breadcrumb"},"inLanguage":"pt-PT","potentialAction":[{"@type":"ReadAction","target":["https:\/\/www.elza-institute.com\/send-topography\/"]}]},{"@type":"ImageObject","inLanguage":"pt-PT","@id":"https:\/\/www.elza-institute.com\/send-topography\/#primaryimage","url":"https:\/\/www.elza-institute.com\/wp-content\/uploads\/2024\/07\/online-consultation.svg","contentUrl":"https:\/\/www.elza-institute.com\/wp-content\/uploads\/2024\/07\/online-consultation.svg"},{"@type":"BreadcrumbList","@id":"https:\/\/www.elza-institute.com\/send-topography\/#breadcrumb","itemListElement":[{"@type":"ListItem","position":1,"name":"Home","item":"https:\/\/www.elza-institute.com\/"},{"@type":"ListItem","position":2,"name":"Send your topography"}]},{"@type":"WebSite","@id":"https:\/\/www.elza-institute.com\/#website","url":"https:\/\/www.elza-institute.com\/","name":"O Instituto ELZA","description":"Swiss EyeCare no seu melhor","publisher":{"@id":"https:\/\/www.elza-institute.com\/#organization"},"potentialAction":[{"@type":"SearchAction","target":{"@type":"EntryPoint","urlTemplate":"https:\/\/www.elza-institute.com\/?s={search_term_string}"},"query-input":{"@type":"PropertyValueSpecification","valueRequired":true,"valueName":"search_term_string"}}],"inLanguage":"pt-PT"},{"@type":"Organization","@id":"https:\/\/www.elza-institute.com\/#organization","name":"O Instituto ELZA","url":"https:\/\/www.elza-institute.com\/","logo":{"@type":"ImageObject","inLanguage":"pt-PT","@id":"https:\/\/www.elza-institute.com\/#\/schema\/logo\/image\/","url":"https:\/\/www.elza-institute.com\/wp-content\/uploads\/2016\/04\/ELZA-logo-V4.jpg","contentUrl":"https:\/\/www.elza-institute.com\/wp-content\/uploads\/2016\/04\/ELZA-logo-V4.jpg","width":1181,"height":453,"caption":"The ELZA Institute"},"image":{"@id":"https:\/\/www.elza-institute.com\/#\/schema\/logo\/image\/"},"sameAs":["https:\/\/www.facebook.com\/ELZA.Institute\/","https:\/\/x.com\/ELZA_Institute","https:\/\/www.linkedin.com\/company\/elza-institute?trk=top_nav_home"]}]}},"_links":{"self":[{"href":"https:\/\/www.elza-institute.com\/pt\/wp-json\/wp\/v2\/pages\/35747","targetHints":{"allow":["GET"]}}],"collection":[{"href":"https:\/\/www.elza-institute.com\/pt\/wp-json\/wp\/v2\/pages"}],"about":[{"href":"https:\/\/www.elza-institute.com\/pt\/wp-json\/wp\/v2\/types\/page"}],"author":[{"embeddable":true,"href":"https:\/\/www.elza-institute.com\/pt\/wp-json\/wp\/v2\/users\/12"}],"replies":[{"embeddable":true,"href":"https:\/\/www.elza-institute.com\/pt\/wp-json\/wp\/v2\/comments?post=35747"}],"version-history":[{"count":0,"href":"https:\/\/www.elza-institute.com\/pt\/wp-json\/wp\/v2\/pages\/35747\/revisions"}],"wp:attachment":[{"href":"https:\/\/www.elza-institute.com\/pt\/wp-json\/wp\/v2\/media?parent=35747"}],"curies":[{"name":"wp","href":"https:\/\/api.w.org\/{rel}","templated":true}]}}